{"id":1541,"date":"2020-07-24T12:15:49","date_gmt":"2020-07-24T10:15:49","guid":{"rendered":"https:\/\/sailrivercafe.com\/?page_id=1541"},"modified":"2023-09-09T15:53:29","modified_gmt":"2023-09-09T13:53:29","slug":"kinder","status":"publish","type":"page","link":"https:\/\/sailrivercafe.com\/de\/kinder\/","title":{"rendered":"Kinder"},"content":{"rendered":"<div class=\"wpb-content-wrapper\">[vc_row][vc_column][vc_column_text]\n<h1 class=\"p1\" style=\"text-align: center;\"><span style=\"color: #3cace8;\"><b>Eine Weltreise gegen die schlechte <a href=\"https:\/\/www.behance.net\/gallery\/81131859\/Kinderbuch-Reihe-Bello-und-Lilli-auf-Weltumseglung\">Sonntagsnachmittagslaune<\/a><\/b><\/span><\/h1>\n<h5 class=\"p1\" style=\"text-align: center;\"><b>Wie die H\u00fcndin Lilli und die Maus Bello gemeinsam mit ihren Freunden,\u00a0 Mallo dem Delfin,\u00a0 Peppi dem Affen, Anton dem Piraten und Bellos bestem Freund Theo <\/b><b>die schlechte <\/b><b>Laune vertreiben.<\/b><\/h5>\n<p class=\"p3\" style=\"text-align: center;\">F\u00fcr Hannah und Henri, Carl und Justus, Anton, Paul und Felix und Theo<\/p>\n[\/vc_column_text][vc_single_image image=&#8221;4750&#8243; img_size=&#8221;full&#8221; alignment=&#8221;center&#8221;][vc_separator color=&#8221;custom&#8221; accent_color=&#8221;#b59e6e&#8221; css=&#8221;.vc_custom_1595756685437{margin-right: 50px !important;margin-left: 50px !important;}&#8221;][vc_column_text]Wenn Ihr wissen wollt, was der <strong>Maus Bello, der H\u00fcndin Lilli, dem Delphin Mallo, dem Affen Peppi und dem Piraten Anton<\/strong> so alles passiert, was sie sehen und welche Abenteuer sie erleben, schaut mal unter Amazon. <a href=\"https:\/\/www.amazon.de\/dp\/B0BTC58T53?binding=kindle_edition&#038;qid=1694267313&#038;sr=8-1&#038;ref=dbs_dp_rwt_sb_pc_tukn\">Bello und Lilli. Hier sind alle B\u00fccher als ebook erh\u00e4ltlich.\u00a0<\/a><\/p>\n<p><strong>Im ersten Band<\/strong> reisen Bello und Lilli von Flomborn nach Valencia. Dort besteigen sie den Katamaran von Bellos Opa Ho. Sie wollen Lillis schlechte Sonntagsnachmittagslaune vertreiben. Ob das gelingt werdet Ihr dann lesen<\/p>\n<p><strong>Im zweiten Band<\/strong> segeln die Beiden von Valencia \u00fcber die Kanarischen Inseln bis zu den Kap Verden. Auf der Reise lernen sie den Delfin Mallo, den Affen Peppi und Anton den Piraten kennen. Und zu guter Letzt treffen sie sogar noch Theo, Bellos besten Freund wieder, den sie aus einem alten Kutter befreien.<\/p>\n<p><strong>Im dritten Band<\/strong> wagen sich die Freunde den <a href=\"https:\/\/sailrivercafe.com\/wir-sind-dann-mal-weg\/\">Atlantik zu \u00fcberqueren<\/a>. Sie werden von einer Riesenwelle erfasst, kommen in einen Sturm, haben manchmal gar keinen Wind, helfen einem kleinen Boot den Mast zu reparieren, treffen Gavin den Ruderer und lernen einen sehr merkw\u00fcrdigen Riesenkraken kennen.<\/p>\n<p><strong>Im vierten Band<\/strong> erkundet die Rivercafe Crew die s\u00fcdliche Karibik.\u00a0 Sie lernen 10 Inseln kennen, verlieben sich, verlaufen sich und Bello wird sogar entf\u00fchrt. Es ist viel los auf dem Boot. Lilli hat Heimweh und macht sich auf nach Flomborn. Theo f\u00e4llt einen Wasserfall runter und Bello findet sein Traumland: Die Schokoladeninsel Grenada.<\/p>\n<p><strong>Im f\u00fcnften Band<\/strong> segeln die Freunde von der s\u00fcdlichen Karibik nach Norden.\u00a0 Mallo l\u00f6scht einen Schiffsbrand, sie lernen ein seltsames Eichh\u00f6rnchen, mit einer Vorliebe f\u00fcr Schneekristalle kennen. Um ein Haar wird die Rivercafe gestohlen und sie erleben ein sehr merkw\u00fcrdiges Leuchten im n\u00e4chtlichen Meer.[\/vc_column_text][vc_separator color=&#8221;custom&#8221; accent_color=&#8221;#b59e6e&#8221; css=&#8221;.vc_custom_1595756685437{margin-right: 50px !important;margin-left: 50px !important;}&#8221;][vc_row_inner css=&#8221;.vc_custom_1609367510478{background-position: center !important;background-repeat: no-repeat !important;background-size: cover !important;}&#8221;][vc_column_inner][\/vc_column_inner][\/vc_row_inner][vc_column_text]\n<p class=\"p1\" style=\"text-align: center;\">Eine H\u00fcndin, ein Affe, ein Delfin und eine Maus die mussten mal dringend raus.<\/p>\n<p class=\"p1\" style=\"text-align: center;\">\u201eMachen wir eine Reise am besten um die ganze Welt.\u201c \u201eob das unseren Eltern gef\u00e4llt?<\/p>\n<p class=\"p1\" style=\"text-align: center;\">\u201eAch denen schreiben wir Karten, die sitzen doch gut um Garten und warten.\u201c<\/p>\n<p class=\"p1\" style=\"text-align: center;\">So ziehen sie los mit Kompass und Boot. Sie segeln davon, backen eigenes Brot<\/p>\n<p class=\"p1\" style=\"text-align: center;\">Lernen neue Sprachen, Witze und Tricks, Besteigen Vulkane, suchen Sch\u00e4tze.<\/p>\n<p class=\"p1\" style=\"text-align: center;\">Haben selten Eile und Hetze. So finden sie traumhafte Ankerpl\u00e4tze.<\/p>\n[\/vc_column_text][vc_separator color=&#8221;custom&#8221; accent_color=&#8221;#b59e6e&#8221; css=&#8221;.vc_custom_1595756853598{margin-right: 50px !important;margin-left: 50px !important;padding-top: 50px !important;}&#8221;][vc_column_text]\n<h3 class=\"p1\" style=\"text-align: center;\">Die Hauptrollen<\/h3>\n<p style=\"text-align: center;\">Lilli die H\u00fcndin | Hannah<\/p>\n<p style=\"text-align: center;\">Bello die Maus | Henri<\/p>\n<p style=\"text-align: center;\">Mallo der Delfin | Carl<\/p>\n<p style=\"text-align: center;\">Peppi der Affe | Justus<\/p>\n<p style=\"text-align: center;\">Anton der Pirat | Anton<\/p>\n<p style=\"text-align: center;\">Theo die Maus | Theo<\/p>\n<p>&nbsp;<\/p>\n<p>Wenn Ihr selber in der Geschichte vorkommen wollt, lasst es mich wissen und schreibt mir, welches Tier ihr gerne sein m\u00f6chtet.<\/p>\n<p><strong>An die lieben Eltern\u00a0<\/strong><\/p>\n<p>Ich bin mir des Themas Gendern bewusst und respektiere das. Im ersten Band war Gendern allerdings noch kein Thema und um den Kindern das Lesen zu erleichtern und um nicht alles umschreiben zu m\u00fcssen, verzichte ich darauf.[\/vc_column_text][vc_gallery type=&#8221;nivo&#8221; interval=&#8221;3&#8243; images=&#8221;1599,1602,1603,1604,1605,1650,1694,1589,2054,2055,2056,2057,2058,2060,2061,2062&#8243; img_size=&#8221;medium&#8221;][\/vc_column][\/vc_row]\n<\/div>","protected":false},"excerpt":{"rendered":"<p>[vc_row][vc_column][vc_column_text] Eine Weltreise gegen die schlechte Sonntagsnachmittagslaune Wie die H\u00fcndin Lilli und die Maus Bello gemeinsam mit ihren Freunden,\u00a0 Mallo dem Delfin,\u00a0 Peppi dem Affen, Anton dem Piraten und Bellos bestem Freund Theo die schlechte Laune vertreiben. F\u00fcr [&hellip;]<\/p>\n","protected":false},"author":2,"featured_media":1722,"parent":0,"menu_order":0,"comment_status":"closed","ping_status":"closed","template":"","meta":{"_exactmetrics_skip_tracking":false,"_exactmetrics_sitenote_active":false,"_exactmetrics_sitenote_note":"","_exactmetrics_sitenote_category":0,"site-sidebar-layout":"no-sidebar","site-content-layout":"plain-container","ast-site-content-layout":"normal-width-container","site-content-style":"unboxed","site-sidebar-style":"unboxed","ast-global-header-display":"","ast-banner-title-visibility":"","ast-main-header-display":"","ast-hfb-above-header-display":"","ast-hfb-below-header-display":"","ast-hfb-mobile-header-display":"","site-post-title":"disabled","ast-breadcrumbs-content":"","ast-featured-img":"disabled","footer-sml-layout":"","ast-disable-related-posts":"","theme-transparent-header-meta":"default","adv-header-id-meta":"","stick-header-meta":"default","header-above-stick-meta":"","header-main-stick-meta":"","header-below-stick-meta":"","astra-migrate-meta-layouts":"set","ast-page-background-enabled":"default","ast-page-background-meta":{"desktop":{"background-color":"","background-image":"","background-repeat":"repeat","background-position":"center center","background-size":"auto","background-attachment":"scroll","background-type":"","background-media":"","overlay-type":"","overlay-color":"","overlay-opacity":"","overlay-gradient":""},"tablet":{"background-color":"","background-image":"","background-repeat":"repeat","background-position":"center center","background-size":"auto","background-attachment":"scroll","background-type":"","background-media":"","overlay-type":"","overlay-color":"","overlay-opacity":"","overlay-gradient":""},"mobile":{"background-color":"","background-image":"","background-repeat":"repeat","background-position":"center center","background-size":"auto","background-attachment":"scroll","background-type":"","background-media":"","overlay-type":"","overlay-color":"","overlay-opacity":"","overlay-gradient":""}},"ast-content-background-meta":{"desktop":{"background-color":"var(--ast-global-color-5)","background-image":"","background-repeat":"repeat","background-position":"center center","background-size":"auto","background-attachment":"scroll","background-type":"","background-media":"","overlay-type":"","overlay-color":"","overlay-opacity":"","overlay-gradient":""},"tablet":{"background-color":"var(--ast-global-color-5)","background-image":"","background-repeat":"repeat","background-position":"center center","background-size":"auto","background-attachment":"scroll","background-type":"","background-media":"","overlay-type":"","overlay-color":"","overlay-opacity":"","overlay-gradient":""},"mobile":{"background-color":"var(--ast-global-color-5)","background-image":"","background-repeat":"repeat","background-position":"center center","background-size":"auto","background-attachment":"scroll","background-type":"","background-media":"","overlay-type":"","overlay-color":"","overlay-opacity":"","overlay-gradient":""}},"footnotes":""},"class_list":["post-1541","page","type-page","status-publish","has-post-thumbnail","hentry"],"yoast_head":"<!-- This site is optimized with the Yoast SEO plugin v27.3 - https:\/\/yoast.com\/product\/yoast-seo-wordpress\/ -->\n<title>Kinder Geschichte Segelreise gegen schlechte Sonntagsnachmittagslaune.<\/title>\n<meta name=\"description\" content=\"Eine Weltreise gegen die schlechte Sonntagsnachmittagslaune. Wie die Lilli, Bello, Mallo und Peppo die schlechte Laune vertreiben.\" \/>\n<meta name=\"robots\" content=\"index, follow, max-snippet:-1, max-image-preview:large, max-video-preview:-1\" \/>\n<link rel=\"canonical\" href=\"https:\/\/sailrivercafe.com\/de\/kinder\/\" \/>\n<meta property=\"og:locale\" content=\"de_DE\" \/>\n<meta property=\"og:locale:alternate\" content=\"en_GB\" \/>\n<meta property=\"og:type\" content=\"article\" \/>\n<meta property=\"og:title\" content=\"Kinder Geschichte Segelreise gegen schlechte Sonntagsnachmittagslaune.\" \/>\n<meta property=\"og:description\" content=\"Eine Weltreise gegen die schlechte Sonntagsnachmittagslaune. Wie die Lilli, Bello, Mallo und Peppo die schlechte Laune vertreiben.\" \/>\n<meta property=\"og:url\" content=\"https:\/\/sailrivercafe.com\/de\/kinder\/\" \/>\n<meta property=\"og:site_name\" content=\"sailrivercafe.com\" \/>\n<meta property=\"article:modified_time\" content=\"2023-09-09T13:53:29+00:00\" \/>\n<meta property=\"og:image\" content=\"https:\/\/sailrivercafe.com\/wp-content\/uploads\/2020\/08\/Bello-und-Lilli-Titel-e1598624469960.jpg\" \/>\n\t<meta property=\"og:image:width\" content=\"800\" \/>\n\t<meta property=\"og:image:height\" content=\"1280\" \/>\n\t<meta property=\"og:image:type\" content=\"image\/jpeg\" \/>\n<meta name=\"twitter:card\" content=\"summary_large_image\" \/>\n<meta name=\"twitter:label1\" content=\"Gesch\u00e4tzte Lesezeit\" \/>\n\t<meta name=\"twitter:data1\" content=\"3\u00a0Minuten\" \/>\n<script type=\"application\/ld+json\" class=\"yoast-schema-graph\">{\"@context\":\"https:\\\/\\\/schema.org\",\"@graph\":[{\"@type\":\"WebPage\",\"@id\":\"https:\\\/\\\/sailrivercafe.com\\\/de\\\/kinder\\\/\",\"url\":\"https:\\\/\\\/sailrivercafe.com\\\/de\\\/kinder\\\/\",\"name\":\"Kinder Geschichte Segelreise gegen schlechte Sonntagsnachmittagslaune.\",\"isPartOf\":{\"@id\":\"https:\\\/\\\/sailrivercafe.com\\\/de\\\/#website\"},\"primaryImageOfPage\":{\"@id\":\"https:\\\/\\\/sailrivercafe.com\\\/de\\\/kinder\\\/#primaryimage\"},\"image\":{\"@id\":\"https:\\\/\\\/sailrivercafe.com\\\/de\\\/kinder\\\/#primaryimage\"},\"thumbnailUrl\":\"https:\\\/\\\/sailrivercafe.com\\\/wp-content\\\/uploads\\\/2020\\\/08\\\/Bello-und-Lilli-Titel-e1598624469960.jpg\",\"datePublished\":\"2020-07-24T10:15:49+00:00\",\"dateModified\":\"2023-09-09T13:53:29+00:00\",\"description\":\"Eine Weltreise gegen die schlechte Sonntagsnachmittagslaune. Wie die Lilli, Bello, Mallo und Peppo die schlechte Laune vertreiben.\",\"breadcrumb\":{\"@id\":\"https:\\\/\\\/sailrivercafe.com\\\/de\\\/kinder\\\/#breadcrumb\"},\"inLanguage\":\"de-DE\",\"potentialAction\":[{\"@type\":\"ReadAction\",\"target\":[\"https:\\\/\\\/sailrivercafe.com\\\/de\\\/kinder\\\/\"]}]},{\"@type\":\"ImageObject\",\"inLanguage\":\"de-DE\",\"@id\":\"https:\\\/\\\/sailrivercafe.com\\\/de\\\/kinder\\\/#primaryimage\",\"url\":\"https:\\\/\\\/sailrivercafe.com\\\/wp-content\\\/uploads\\\/2020\\\/08\\\/Bello-und-Lilli-Titel-e1598624469960.jpg\",\"contentUrl\":\"https:\\\/\\\/sailrivercafe.com\\\/wp-content\\\/uploads\\\/2020\\\/08\\\/Bello-und-Lilli-Titel-e1598624469960.jpg\",\"width\":800,\"height\":1280,\"caption\":\"Bello und Lilli\"},{\"@type\":\"BreadcrumbList\",\"@id\":\"https:\\\/\\\/sailrivercafe.com\\\/de\\\/kinder\\\/#breadcrumb\",\"itemListElement\":[{\"@type\":\"ListItem\",\"position\":1,\"name\":\"Home\",\"item\":\"https:\\\/\\\/sailrivercafe.com\\\/de\\\/\"},{\"@type\":\"ListItem\",\"position\":2,\"name\":\"Kinder\"}]},{\"@type\":\"WebSite\",\"@id\":\"https:\\\/\\\/sailrivercafe.com\\\/de\\\/#website\",\"url\":\"https:\\\/\\\/sailrivercafe.com\\\/de\\\/\",\"name\":\"sailrivercafe.com\",\"description\":\"Sailing blog - Karin and Holger Binz sailing the Rivercafe\",\"publisher\":{\"@id\":\"https:\\\/\\\/sailrivercafe.com\\\/de\\\/#\\\/schema\\\/person\\\/2a6d915689c5e5de6db1ea302fb3d852\"},\"potentialAction\":[{\"@type\":\"SearchAction\",\"target\":{\"@type\":\"EntryPoint\",\"urlTemplate\":\"https:\\\/\\\/sailrivercafe.com\\\/de\\\/?s={search_term_string}\"},\"query-input\":{\"@type\":\"PropertyValueSpecification\",\"valueRequired\":true,\"valueName\":\"search_term_string\"}}],\"inLanguage\":\"de-DE\"},{\"@type\":[\"Person\",\"Organization\"],\"@id\":\"https:\\\/\\\/sailrivercafe.com\\\/de\\\/#\\\/schema\\\/person\\\/2a6d915689c5e5de6db1ea302fb3d852\",\"name\":\"Sailrivercafe\",\"image\":{\"@type\":\"ImageObject\",\"inLanguage\":\"de-DE\",\"@id\":\"https:\\\/\\\/sailrivercafe.com\\\/wp-content\\\/uploads\\\/2021\\\/01\\\/Logo.png\",\"url\":\"https:\\\/\\\/sailrivercafe.com\\\/wp-content\\\/uploads\\\/2021\\\/01\\\/Logo.png\",\"contentUrl\":\"https:\\\/\\\/sailrivercafe.com\\\/wp-content\\\/uploads\\\/2021\\\/01\\\/Logo.png\",\"width\":673,\"height\":276,\"caption\":\"Sailrivercafe\"},\"logo\":{\"@id\":\"https:\\\/\\\/sailrivercafe.com\\\/wp-content\\\/uploads\\\/2021\\\/01\\\/Logo.png\"}}]}<\/script>\n<!-- \/ Yoast SEO plugin. -->","yoast_head_json":{"title":"Kinder Geschichte Segelreise gegen schlechte Sonntagsnachmittagslaune.","description":"Eine Weltreise gegen die schlechte Sonntagsnachmittagslaune. Wie die Lilli, Bello, Mallo und Peppo die schlechte Laune vertreiben.","robots":{"index":"index","follow":"follow","max-snippet":"max-snippet:-1","max-image-preview":"max-image-preview:large","max-video-preview":"max-video-preview:-1"},"canonical":"https:\/\/sailrivercafe.com\/de\/kinder\/","og_locale":"de_DE","og_type":"article","og_title":"Kinder Geschichte Segelreise gegen schlechte Sonntagsnachmittagslaune.","og_description":"Eine Weltreise gegen die schlechte Sonntagsnachmittagslaune. Wie die Lilli, Bello, Mallo und Peppo die schlechte Laune vertreiben.","og_url":"https:\/\/sailrivercafe.com\/de\/kinder\/","og_site_name":"sailrivercafe.com","article_modified_time":"2023-09-09T13:53:29+00:00","og_image":[{"width":800,"height":1280,"url":"https:\/\/sailrivercafe.com\/wp-content\/uploads\/2020\/08\/Bello-und-Lilli-Titel-e1598624469960.jpg","type":"image\/jpeg"}],"twitter_card":"summary_large_image","twitter_misc":{"Gesch\u00e4tzte Lesezeit":"3\u00a0Minuten"},"schema":{"@context":"https:\/\/schema.org","@graph":[{"@type":"WebPage","@id":"https:\/\/sailrivercafe.com\/de\/kinder\/","url":"https:\/\/sailrivercafe.com\/de\/kinder\/","name":"Kinder Geschichte Segelreise gegen schlechte Sonntagsnachmittagslaune.","isPartOf":{"@id":"https:\/\/sailrivercafe.com\/de\/#website"},"primaryImageOfPage":{"@id":"https:\/\/sailrivercafe.com\/de\/kinder\/#primaryimage"},"image":{"@id":"https:\/\/sailrivercafe.com\/de\/kinder\/#primaryimage"},"thumbnailUrl":"https:\/\/sailrivercafe.com\/wp-content\/uploads\/2020\/08\/Bello-und-Lilli-Titel-e1598624469960.jpg","datePublished":"2020-07-24T10:15:49+00:00","dateModified":"2023-09-09T13:53:29+00:00","description":"Eine Weltreise gegen die schlechte Sonntagsnachmittagslaune. Wie die Lilli, Bello, Mallo und Peppo die schlechte Laune vertreiben.","breadcrumb":{"@id":"https:\/\/sailrivercafe.com\/de\/kinder\/#breadcrumb"},"inLanguage":"de-DE","potentialAction":[{"@type":"ReadAction","target":["https:\/\/sailrivercafe.com\/de\/kinder\/"]}]},{"@type":"ImageObject","inLanguage":"de-DE","@id":"https:\/\/sailrivercafe.com\/de\/kinder\/#primaryimage","url":"https:\/\/sailrivercafe.com\/wp-content\/uploads\/2020\/08\/Bello-und-Lilli-Titel-e1598624469960.jpg","contentUrl":"https:\/\/sailrivercafe.com\/wp-content\/uploads\/2020\/08\/Bello-und-Lilli-Titel-e1598624469960.jpg","width":800,"height":1280,"caption":"Bello und Lilli"},{"@type":"BreadcrumbList","@id":"https:\/\/sailrivercafe.com\/de\/kinder\/#breadcrumb","itemListElement":[{"@type":"ListItem","position":1,"name":"Home","item":"https:\/\/sailrivercafe.com\/de\/"},{"@type":"ListItem","position":2,"name":"Kinder"}]},{"@type":"WebSite","@id":"https:\/\/sailrivercafe.com\/de\/#website","url":"https:\/\/sailrivercafe.com\/de\/","name":"sailrivercafe.com","description":"Sailing blog - Karin and Holger Binz sailing the Rivercafe","publisher":{"@id":"https:\/\/sailrivercafe.com\/de\/#\/schema\/person\/2a6d915689c5e5de6db1ea302fb3d852"},"potentialAction":[{"@type":"SearchAction","target":{"@type":"EntryPoint","urlTemplate":"https:\/\/sailrivercafe.com\/de\/?s={search_term_string}"},"query-input":{"@type":"PropertyValueSpecification","valueRequired":true,"valueName":"search_term_string"}}],"inLanguage":"de-DE"},{"@type":["Person","Organization"],"@id":"https:\/\/sailrivercafe.com\/de\/#\/schema\/person\/2a6d915689c5e5de6db1ea302fb3d852","name":"Sailrivercafe","image":{"@type":"ImageObject","inLanguage":"de-DE","@id":"https:\/\/sailrivercafe.com\/wp-content\/uploads\/2021\/01\/Logo.png","url":"https:\/\/sailrivercafe.com\/wp-content\/uploads\/2021\/01\/Logo.png","contentUrl":"https:\/\/sailrivercafe.com\/wp-content\/uploads\/2021\/01\/Logo.png","width":673,"height":276,"caption":"Sailrivercafe"},"logo":{"@id":"https:\/\/sailrivercafe.com\/wp-content\/uploads\/2021\/01\/Logo.png"}}]}},"post_mailing_queue_ids":[],"_links":{"self":[{"href":"https:\/\/sailrivercafe.com\/de\/wp-json\/wp\/v2\/pages\/1541","targetHints":{"allow":["GET"]}}],"collection":[{"href":"https:\/\/sailrivercafe.com\/de\/wp-json\/wp\/v2\/pages"}],"about":[{"href":"https:\/\/sailrivercafe.com\/de\/wp-json\/wp\/v2\/types\/page"}],"author":[{"embeddable":true,"href":"https:\/\/sailrivercafe.com\/de\/wp-json\/wp\/v2\/users\/2"}],"replies":[{"embeddable":true,"href":"https:\/\/sailrivercafe.com\/de\/wp-json\/wp\/v2\/comments?post=1541"}],"version-history":[{"count":0,"href":"https:\/\/sailrivercafe.com\/de\/wp-json\/wp\/v2\/pages\/1541\/revisions"}],"wp:featuredmedia":[{"embeddable":true,"href":"https:\/\/sailrivercafe.com\/de\/wp-json\/wp\/v2\/media\/1722"}],"wp:attachment":[{"href":"https:\/\/sailrivercafe.com\/de\/wp-json\/wp\/v2\/media?parent=1541"}],"curies":[{"name":"wp","href":"https:\/\/api.w.org\/{rel}","templated":true}]}}