{"id":239,"date":"2016-09-19T13:56:52","date_gmt":"2016-09-19T13:56:52","guid":{"rendered":"http:\/\/orchard.themes.tvda.pw\/?page_id=131"},"modified":"2022-02-12T23:43:25","modified_gmt":"2022-02-12T22:43:25","slug":"home","status":"publish","type":"page","link":"https:\/\/sailrivercafe.com\/de\/home\/","title":{"rendered":"HOME"},"content":{"rendered":"<div class=\"wpb-content-wrapper\">[vc_row][vc_column]\n\t\t\t<!-- START Blog Carousel Full Width REVOLUTION SLIDER 6.6.10 --><p class=\"rs-p-wp-fix\"><\/p>\n\t\t\t<rs-module-wrap id=\"rev_slider_2_1_wrapper\" data-source=\"post\" style=\"visibility:hidden;background:transparent;padding:0;margin:0px auto;margin-top:0;margin-bottom:0;\">\n\t\t\t\t<rs-module id=\"rev_slider_2_1\" style=\"\" data-version=\"6.6.10\">\n\t\t\t\t\t<rs-slides style=\"overflow: hidden; position: absolute;\">\n\t\t\t\t\t\t<rs-slide style=\"position: absolute;\" data-key=\"rs-7715\" data-title=\"Ende der Saison\" data-thumb=\"\/\/sailrivercafe.com\/wp-content\/uploads\/2025\/10\/Rivercafe-title-100x50.jpg\" data-duration=\"9090\" data-anim=\"adpr:false;\" data-in=\"o:0;\" data-out=\"a:false;\">\n\t\t\t\t\t\t\t<img decoding=\"async\" src=\"\/\/sailrivercafe.com\/wp-content\/plugins\/revslider\/public\/assets\/assets\/dummy.png\" alt=\"\" title=\"Rivercafe-title\" width=\"1024\" height=\"768\" class=\"rev-slidebg tp-rs-img rs-lazyload\" data-lazyload=\"\/\/sailrivercafe.com\/wp-content\/uploads\/2025\/10\/Rivercafe-title.jpg\" data-parallax=\"5\" data-no-retina>\n<!--\n\t\t\t\t\t\t\t--><h1\n\t\t\t\t\t\t\t\tid=\"slider-2-slide-7715-layer-1\" \n\t\t\t\t\t\t\t\tclass=\"rs-layer rs-pxl-3\"\n\t\t\t\t\t\t\t\tdata-type=\"text\"\n\t\t\t\t\t\t\t\tdata-color=\"transparent\"\n\t\t\t\t\t\t\t\tdata-rsp_ch=\"on\"\n\t\t\t\t\t\t\t\tdata-xy=\"x:c;y:m;\"\n\t\t\t\t\t\t\t\tdata-text=\"w:normal;s:18,18,20,20;l:26,26,25,25;a:center;\"\n\t\t\t\t\t\t\t\tdata-dim=\"w:300px,300px,400px,300px;\"\n\t\t\t\t\t\t\t\tdata-frame_1=\"e:power2.inOut;st:790;\"\n\t\t\t\t\t\t\t\tdata-frame_999=\"o:0;e:nothing;st:w;\"\n\t\t\t\t\t\t\t\tstyle=\"z-index:6;font-family:'Montserrat';\"\n\t\t\t\t\t\t\t>https:\/\/sailrivercafe.com\/de\/home\/<p class=\"slider_category\"><a href=\"https:\/\/sailrivercafe.com\/de\/category\/journey\/\" title=\"Zeige alle Beitr\u00e4ge in Journey\" rel=\"category tag\">Journey<\/a>,<a href=\"https:\/\/sailrivercafe.com\/de\/category\/mittelmeer\/\" title=\"Zeige alle Beitr\u00e4ge in Mittelmeer\" rel=\"category tag\">Mittelmeer<\/a><\/p>\n<a href=\"season-is-over\" class=\"slider_title\">Ende der Saison<\/a>\n<p class=\"slider_date\">25. Oktober 2025<\/p>\n<span class=\"slider_button_wraper\"><a href=\"season-is-over\" class=\"slider_button\">Read More<\/a><\/span> \n\t\t\t\t\t\t\t<\/h1><!--\n\n\t\t\t\t\t\t\t--><rs-layer\n\t\t\t\t\t\t\t\tid=\"slider-2-slide-7715-layer-2\" \n\t\t\t\t\t\t\t\tclass=\"tp-shape tp-shapewrapper rs-pxl-3\"\n\t\t\t\t\t\t\t\tdata-type=\"shape\"\n\t\t\t\t\t\t\t\tdata-rsp_ch=\"on\"\n\t\t\t\t\t\t\t\tdata-xy=\"x:c;y:m;\"\n\t\t\t\t\t\t\t\tdata-dim=\"w:400px,400px,500px,400px;h:287px,287px,500px,400px;\"\n\t\t\t\t\t\t\t\tdata-frame_0=\"y:-100%;o:1;\"\n\t\t\t\t\t\t\t\tdata-frame_0_mask=\"u:t;\"\n\t\t\t\t\t\t\t\tdata-frame_1=\"st:470;sp:500;\"\n\t\t\t\t\t\t\t\tdata-frame_1_mask=\"u:t;\"\n\t\t\t\t\t\t\t\tdata-frame_999=\"o:0;e:nothing;st:w;\"\n\t\t\t\t\t\t\t\tstyle=\"z-index:5;background-color:rgba(255,255,255,0.8);\"\n\t\t\t\t\t\t\t> \n\t\t\t\t\t\t\t<\/rs-layer><!--\n-->\t\t\t\t\t\t<\/rs-slide>\n\t\t\t\t\t\t<rs-slide style=\"position: absolute;\" data-key=\"rs-7667\" data-title=\"Es wird nicht leerer\" data-thumb=\"\/\/sailrivercafe.com\/wp-content\/uploads\/2025\/10\/Birthday-title-100x50.jpg\" data-duration=\"9090\" data-anim=\"adpr:false;\" data-in=\"o:0;\" data-out=\"a:false;\">\n\t\t\t\t\t\t\t<img decoding=\"async\" src=\"\/\/sailrivercafe.com\/wp-content\/plugins\/revslider\/public\/assets\/assets\/dummy.png\" alt=\"\" title=\"Birthday-title\" width=\"1024\" height=\"768\" class=\"rev-slidebg tp-rs-img rs-lazyload\" data-lazyload=\"\/\/sailrivercafe.com\/wp-content\/uploads\/2025\/10\/Birthday-title.jpg\" data-parallax=\"5\" data-no-retina>\n<!--\n\t\t\t\t\t\t\t--><h1\n\t\t\t\t\t\t\t\tid=\"slider-2-slide-7667-layer-1\" \n\t\t\t\t\t\t\t\tclass=\"rs-layer rs-pxl-3\"\n\t\t\t\t\t\t\t\tdata-type=\"text\"\n\t\t\t\t\t\t\t\tdata-color=\"transparent\"\n\t\t\t\t\t\t\t\tdata-rsp_ch=\"on\"\n\t\t\t\t\t\t\t\tdata-xy=\"x:c;y:m;\"\n\t\t\t\t\t\t\t\tdata-text=\"w:normal;s:18,18,20,20;l:26,26,25,25;a:center;\"\n\t\t\t\t\t\t\t\tdata-dim=\"w:300px,300px,400px,300px;\"\n\t\t\t\t\t\t\t\tdata-frame_1=\"e:power2.inOut;st:790;\"\n\t\t\t\t\t\t\t\tdata-frame_999=\"o:0;e:nothing;st:w;\"\n\t\t\t\t\t\t\t\tstyle=\"z-index:6;font-family:'Montserrat';\"\n\t\t\t\t\t\t\t>https:\/\/sailrivercafe.com\/de\/home\/<p class=\"slider_category\"><a href=\"https:\/\/sailrivercafe.com\/de\/category\/journey\/\" title=\"Zeige alle Beitr\u00e4ge in Journey\" rel=\"category tag\">Journey<\/a>,<a href=\"https:\/\/sailrivercafe.com\/de\/category\/mittelmeer\/\" title=\"Zeige alle Beitr\u00e4ge in Mittelmeer\" rel=\"category tag\">Mittelmeer<\/a><\/p>\n<a href=\"the-last-destinations-of-the-season-sivota-paxos-parga-ammudia\" class=\"slider_title\">Es wird nicht leerer<\/a>\n<p class=\"slider_date\">15. Oktober 2025<\/p>\n<span class=\"slider_button_wraper\"><a href=\"the-last-destinations-of-the-season-sivota-paxos-parga-ammudia\" class=\"slider_button\">Read More<\/a><\/span> \n\t\t\t\t\t\t\t<\/h1><!--\n\n\t\t\t\t\t\t\t--><rs-layer\n\t\t\t\t\t\t\t\tid=\"slider-2-slide-7667-layer-2\" \n\t\t\t\t\t\t\t\tclass=\"tp-shape tp-shapewrapper rs-pxl-3\"\n\t\t\t\t\t\t\t\tdata-type=\"shape\"\n\t\t\t\t\t\t\t\tdata-rsp_ch=\"on\"\n\t\t\t\t\t\t\t\tdata-xy=\"x:c;y:m;\"\n\t\t\t\t\t\t\t\tdata-dim=\"w:400px,400px,500px,400px;h:287px,287px,500px,400px;\"\n\t\t\t\t\t\t\t\tdata-frame_0=\"y:-100%;o:1;\"\n\t\t\t\t\t\t\t\tdata-frame_0_mask=\"u:t;\"\n\t\t\t\t\t\t\t\tdata-frame_1=\"st:470;sp:500;\"\n\t\t\t\t\t\t\t\tdata-frame_1_mask=\"u:t;\"\n\t\t\t\t\t\t\t\tdata-frame_999=\"o:0;e:nothing;st:w;\"\n\t\t\t\t\t\t\t\tstyle=\"z-index:5;background-color:rgba(255,255,255,0.8);\"\n\t\t\t\t\t\t\t> \n\t\t\t\t\t\t\t<\/rs-layer><!--\n-->\t\t\t\t\t\t<\/rs-slide>\n\t\t\t\t\t\t<rs-slide style=\"position: absolute;\" data-key=\"rs-7633\" data-title=\"Der Sommer geht dahin\" data-thumb=\"\/\/sailrivercafe.com\/wp-content\/uploads\/2025\/09\/Kitsch-title-100x50.jpg\" data-duration=\"9090\" data-anim=\"adpr:false;\" data-in=\"o:0;\" data-out=\"a:false;\">\n\t\t\t\t\t\t\t<img decoding=\"async\" src=\"\/\/sailrivercafe.com\/wp-content\/plugins\/revslider\/public\/assets\/assets\/dummy.png\" alt=\"\" title=\"Kitsch-title\" width=\"1024\" height=\"768\" class=\"rev-slidebg tp-rs-img rs-lazyload\" data-lazyload=\"\/\/sailrivercafe.com\/wp-content\/uploads\/2025\/09\/Kitsch-title.jpg\" data-parallax=\"5\" data-no-retina>\n<!--\n\t\t\t\t\t\t\t--><h1\n\t\t\t\t\t\t\t\tid=\"slider-2-slide-7633-layer-1\" \n\t\t\t\t\t\t\t\tclass=\"rs-layer rs-pxl-3\"\n\t\t\t\t\t\t\t\tdata-type=\"text\"\n\t\t\t\t\t\t\t\tdata-color=\"transparent\"\n\t\t\t\t\t\t\t\tdata-rsp_ch=\"on\"\n\t\t\t\t\t\t\t\tdata-xy=\"x:c;y:m;\"\n\t\t\t\t\t\t\t\tdata-text=\"w:normal;s:18,18,20,20;l:26,26,25,25;a:center;\"\n\t\t\t\t\t\t\t\tdata-dim=\"w:300px,300px,400px,300px;\"\n\t\t\t\t\t\t\t\tdata-frame_1=\"e:power2.inOut;st:790;\"\n\t\t\t\t\t\t\t\tdata-frame_999=\"o:0;e:nothing;st:w;\"\n\t\t\t\t\t\t\t\tstyle=\"z-index:6;font-family:'Montserrat';\"\n\t\t\t\t\t\t\t>https:\/\/sailrivercafe.com\/de\/home\/<p class=\"slider_category\"><a href=\"https:\/\/sailrivercafe.com\/de\/category\/journey\/\" title=\"Zeige alle Beitr\u00e4ge in Journey\" rel=\"category tag\">Journey<\/a>,<a href=\"https:\/\/sailrivercafe.com\/de\/category\/mittelmeer\/\" title=\"Zeige alle Beitr\u00e4ge in Mittelmeer\" rel=\"category tag\">Mittelmeer<\/a><\/p>\n<a href=\"sailing-in-corfu\" class=\"slider_title\">Der Sommer geht dahin<\/a>\n<p class=\"slider_date\">7. September 2025<\/p>\n<span class=\"slider_button_wraper\"><a href=\"sailing-in-corfu\" class=\"slider_button\">Read More<\/a><\/span> \n\t\t\t\t\t\t\t<\/h1><!--\n\n\t\t\t\t\t\t\t--><rs-layer\n\t\t\t\t\t\t\t\tid=\"slider-2-slide-7633-layer-2\" \n\t\t\t\t\t\t\t\tclass=\"tp-shape tp-shapewrapper rs-pxl-3\"\n\t\t\t\t\t\t\t\tdata-type=\"shape\"\n\t\t\t\t\t\t\t\tdata-rsp_ch=\"on\"\n\t\t\t\t\t\t\t\tdata-xy=\"x:c;y:m;\"\n\t\t\t\t\t\t\t\tdata-dim=\"w:400px,400px,500px,400px;h:287px,287px,500px,400px;\"\n\t\t\t\t\t\t\t\tdata-frame_0=\"y:-100%;o:1;\"\n\t\t\t\t\t\t\t\tdata-frame_0_mask=\"u:t;\"\n\t\t\t\t\t\t\t\tdata-frame_1=\"st:470;sp:500;\"\n\t\t\t\t\t\t\t\tdata-frame_1_mask=\"u:t;\"\n\t\t\t\t\t\t\t\tdata-frame_999=\"o:0;e:nothing;st:w;\"\n\t\t\t\t\t\t\t\tstyle=\"z-index:5;background-color:rgba(255,255,255,0.8);\"\n\t\t\t\t\t\t\t> \n\t\t\t\t\t\t\t<\/rs-layer><!--\n-->\t\t\t\t\t\t<\/rs-slide>\n\t\t\t\t\t\t<rs-slide style=\"position: absolute;\" data-key=\"rs-7603\" data-title=\"Weiter nach Norden\" data-thumb=\"\/\/sailrivercafe.com\/wp-content\/uploads\/2025\/08\/Fire-title-100x50.jpg\" data-duration=\"9090\" data-anim=\"adpr:false;\" data-in=\"o:0;\" data-out=\"a:false;\">\n\t\t\t\t\t\t\t<img decoding=\"async\" src=\"\/\/sailrivercafe.com\/wp-content\/plugins\/revslider\/public\/assets\/assets\/dummy.png\" alt=\"\" title=\"Fire-title\" width=\"1024\" height=\"768\" class=\"rev-slidebg tp-rs-img rs-lazyload\" data-lazyload=\"\/\/sailrivercafe.com\/wp-content\/uploads\/2025\/08\/Fire-title.jpg\" data-parallax=\"5\" data-no-retina>\n<!--\n\t\t\t\t\t\t\t--><h1\n\t\t\t\t\t\t\t\tid=\"slider-2-slide-7603-layer-1\" \n\t\t\t\t\t\t\t\tclass=\"rs-layer rs-pxl-3\"\n\t\t\t\t\t\t\t\tdata-type=\"text\"\n\t\t\t\t\t\t\t\tdata-color=\"transparent\"\n\t\t\t\t\t\t\t\tdata-rsp_ch=\"on\"\n\t\t\t\t\t\t\t\tdata-xy=\"x:c;y:m;\"\n\t\t\t\t\t\t\t\tdata-text=\"w:normal;s:18,18,20,20;l:26,26,25,25;a:center;\"\n\t\t\t\t\t\t\t\tdata-dim=\"w:300px,300px,400px,300px;\"\n\t\t\t\t\t\t\t\tdata-frame_1=\"e:power2.inOut;st:790;\"\n\t\t\t\t\t\t\t\tdata-frame_999=\"o:0;e:nothing;st:w;\"\n\t\t\t\t\t\t\t\tstyle=\"z-index:6;font-family:'Montserrat';\"\n\t\t\t\t\t\t\t>https:\/\/sailrivercafe.com\/de\/home\/<p class=\"slider_category\"><a href=\"https:\/\/sailrivercafe.com\/de\/category\/journey\/\" title=\"Zeige alle Beitr\u00e4ge in Journey\" rel=\"category tag\">Journey<\/a>,<a href=\"https:\/\/sailrivercafe.com\/de\/category\/mittelmeer\/\" title=\"Zeige alle Beitr\u00e4ge in Mittelmeer\" rel=\"category tag\">Mittelmeer<\/a><\/p>\n<a href=\"nydri-vliho-a-bridge-and-the-ambracian-gulf\" class=\"slider_title\">Weiter nach Norden<\/a>\n<p class=\"slider_date\">22. August 2025<\/p>\n<span class=\"slider_button_wraper\"><a href=\"nydri-vliho-a-bridge-and-the-ambracian-gulf\" class=\"slider_button\">Read More<\/a><\/span> \n\t\t\t\t\t\t\t<\/h1><!--\n\n\t\t\t\t\t\t\t--><rs-layer\n\t\t\t\t\t\t\t\tid=\"slider-2-slide-7603-layer-2\" \n\t\t\t\t\t\t\t\tclass=\"tp-shape tp-shapewrapper rs-pxl-3\"\n\t\t\t\t\t\t\t\tdata-type=\"shape\"\n\t\t\t\t\t\t\t\tdata-rsp_ch=\"on\"\n\t\t\t\t\t\t\t\tdata-xy=\"x:c;y:m;\"\n\t\t\t\t\t\t\t\tdata-dim=\"w:400px,400px,500px,400px;h:287px,287px,500px,400px;\"\n\t\t\t\t\t\t\t\tdata-frame_0=\"y:-100%;o:1;\"\n\t\t\t\t\t\t\t\tdata-frame_0_mask=\"u:t;\"\n\t\t\t\t\t\t\t\tdata-frame_1=\"st:470;sp:500;\"\n\t\t\t\t\t\t\t\tdata-frame_1_mask=\"u:t;\"\n\t\t\t\t\t\t\t\tdata-frame_999=\"o:0;e:nothing;st:w;\"\n\t\t\t\t\t\t\t\tstyle=\"z-index:5;background-color:rgba(255,255,255,0.8);\"\n\t\t\t\t\t\t\t> \n\t\t\t\t\t\t\t<\/rs-layer><!--\n-->\t\t\t\t\t\t<\/rs-slide>\n\t\t\t\t\t<\/rs-slides>\n\t\t\t\t<\/rs-module>\n\t\t\t\t<script>\n\t\t\t\t\tsetREVStartSize({c: 'rev_slider_2_1',rl:[1240,1240,778,480],el:[613,613,960,720],gw:[1240,1240,960,480],gh:[613,613,960,720],type:'carousel',justify:'',layout:'fullwidth',mh:\"0\"});if (window.RS_MODULES!==undefined && window.RS_MODULES.modules!==undefined && window.RS_MODULES.modules[\"revslider21\"]!==undefined) {window.RS_MODULES.modules[\"revslider21\"].once = false;window.revapi2 = undefined;if (window.RS_MODULES.checkMinimal!==undefined) window.RS_MODULES.checkMinimal()}\n\t\t\t\t<\/script>\n\t\t\t<\/rs-module-wrap>\n\t\t\t<!-- END REVOLUTION SLIDER -->\n[\/vc_column][\/vc_row][vc_row][vc_column][vc_empty_space][\/vc_column][\/vc_row][vc_row][vc_column width=&#8221;3\/4&#8243;][vc_masonry_grid post_type=&#8221;post&#8221; max_items=&#8221;300&#8243; style=&#8221;load-more&#8221; items_per_page=&#8221;30&#8243; gap=&#8221;20&#8243; orderby=&#8221;modified&#8221; btn_style=&#8221;modern&#8221; btn_color=&#8221;default&#8221; btn_size=&#8221;xs&#8221; grid_id=&#8221;vc_gid:1644705021528-f3de3cb2-73a6-0&#8243;][vc_column_text]Wenn Euch dieser Segelblog gef\u00e4llt, freuen wir uns wenn Ihr uns abonniert. Einfach in der Seitenleiste Eure Adresse eingeben und die zugesandte Mail best\u00e4tigen. Wir bloggen circa einmal in der Woche. Dann bekommt Ihr einen Link, der auf den neuesten Blogbeitrag verweist.\u00a0Selbstverst\u00e4ndlich werden wir keine Daten weitergeben.<\/p>\n<p>\u00dcbrigens nutzen wir auch unseren Instagram und Facebook Accounts um Neuigkeiten mitzuteilen und nat\u00fcrlich um Bilder zu posten, f\u00fcr die im Segelblog oft zu wenig Platz ist.<\/p>\n<p><a href=\"https:\/\/www.instagram.com\/sailrivercafe\/\">https:\/\/www.instagram.com\/sailrivercafe\/<\/a><\/p>\n<p><a href=\"https:\/\/www.facebook.com\/sailrivercafe\">https:\/\/www.facebook.com\/sailrivercafe<\/a>[\/vc_column_text][\/vc_column][vc_column width=&#8221;1\/4&#8243;][vc_widget_sidebar sidebar_id=&#8221;sidebar-1&#8243;][\/vc_column][\/vc_row]\n<\/div>","protected":false},"excerpt":{"rendered":"<p>[vc_row][vc_column][\/vc_column][\/vc_row][vc_row][vc_column][vc_empty_space][\/vc_column][\/vc_row][vc_row][vc_column width=&#8221;3\/4&#8243;][vc_masonry_grid post_type=&#8221;post&#8221; max_items=&#8221;300&#8243; style=&#8221;load-more&#8221; items_per_page=&#8221;30&#8243; gap=&#8221;20&#8243; orderby=&#8221;modified&#8221; btn_style=&#8221;modern&#8221; btn_color=&#8221;default&#8221; btn_size=&#8221;xs&#8221; grid_id=&#8221;vc_gid:1644705021528-f3de3cb2-73a6-0&#8243;][vc_column_text]Wenn Euch dieser Segelblog gef\u00e4llt, freuen wir uns wenn Ihr uns abonniert. Einfach in der Seitenleiste Eure Adresse eingeben und die zugesandte Mail best\u00e4tigen. Wir bloggen circa [&hellip;]<\/p>\n","protected":false},"author":2,"featured_media":0,"parent":0,"menu_order":0,"comment_status":"closed","ping_status":"closed","template":"","meta":{"_exactmetrics_skip_tracking":false,"_exactmetrics_sitenote_active":false,"_exactmetrics_sitenote_note":"","_exactmetrics_sitenote_category":0,"site-sidebar-layout":"no-sidebar","site-content-layout":"plain-container","ast-site-content-layout":"default","site-content-style":"default","site-sidebar-style":"default","ast-global-header-display":"","ast-banner-title-visibility":"","ast-main-header-display":"","ast-hfb-above-header-display":"","ast-hfb-below-header-display":"","ast-hfb-mobile-header-display":"","site-post-title":"disabled","ast-breadcrumbs-content":"","ast-featured-img":"disabled","footer-sml-layout":"","ast-disable-related-posts":"","theme-transparent-header-meta":"","adv-header-id-meta":"","stick-header-meta":"","header-above-stick-meta":"","header-main-stick-meta":"","header-below-stick-meta":"","astra-migrate-meta-layouts":"default","ast-page-background-enabled":"default","ast-page-background-meta":{"desktop":{"background-color":"","background-image":"","background-repeat":"repeat","background-position":"center center","background-size":"auto","background-attachment":"scroll","background-type":"","background-media":"","overlay-type":"","overlay-color":"","overlay-opacity":"","overlay-gradient":""},"tablet":{"background-color":"","background-image":"","background-repeat":"repeat","background-position":"center center","background-size":"auto","background-attachment":"scroll","background-type":"","background-media":"","overlay-type":"","overlay-color":"","overlay-opacity":"","overlay-gradient":""},"mobile":{"background-color":"","background-image":"","background-repeat":"repeat","background-position":"center center","background-size":"auto","background-attachment":"scroll","background-type":"","background-media":"","overlay-type":"","overlay-color":"","overlay-opacity":"","overlay-gradient":""}},"ast-content-background-meta":{"desktop":{"background-color":"var(--ast-global-color-5)","background-image":"","background-repeat":"repeat","background-position":"center center","background-size":"auto","background-attachment":"scroll","background-type":"","background-media":"","overlay-type":"","overlay-color":"","overlay-opacity":"","overlay-gradient":""},"tablet":{"background-color":"var(--ast-global-color-5)","background-image":"","background-repeat":"repeat","background-position":"center center","background-size":"auto","background-attachment":"scroll","background-type":"","background-media":"","overlay-type":"","overlay-color":"","overlay-opacity":"","overlay-gradient":""},"mobile":{"background-color":"var(--ast-global-color-5)","background-image":"","background-repeat":"repeat","background-position":"center center","background-size":"auto","background-attachment":"scroll","background-type":"","background-media":"","overlay-type":"","overlay-color":"","overlay-opacity":"","overlay-gradient":""}},"footnotes":""},"class_list":["post-239","page","type-page","status-publish","hentry"],"yoast_head":"<!-- This site is optimized with the Yoast SEO plugin v27.3 - https:\/\/yoast.com\/product\/yoast-seo-wordpress\/ -->\n<title>Karin und Holger Binz mit dem Katamaran Rivercafe auf Weltreise<\/title>\n<meta name=\"description\" content=\"Karin und Holger Binz auf dem Segel Katamaran Rivercafe auf Weltreise. Vorbereitungen, Erfahrungen und Reiseberichte einer Reise um die Welt.\" \/>\n<meta name=\"robots\" content=\"index, follow, max-snippet:-1, max-image-preview:large, max-video-preview:-1\" \/>\n<link rel=\"canonical\" href=\"https:\/\/sailrivercafe.com\/de\/home\/\" \/>\n<meta property=\"og:locale\" content=\"de_DE\" \/>\n<meta property=\"og:locale:alternate\" content=\"en_GB\" \/>\n<meta property=\"og:type\" content=\"article\" \/>\n<meta property=\"og:title\" content=\"Karin und Holger Binz mit dem Katamaran Rivercafe auf Weltreise\" \/>\n<meta property=\"og:description\" content=\"Karin und Holger Binz auf dem Segel Katamaran Rivercafe auf Weltreise. Vorbereitungen, Erfahrungen und Reiseberichte einer Reise um die Welt.\" \/>\n<meta property=\"og:url\" content=\"https:\/\/sailrivercafe.com\/de\/home\/\" \/>\n<meta property=\"og:site_name\" content=\"sailrivercafe.com\" \/>\n<meta property=\"article:modified_time\" content=\"2022-02-12T22:43:25+00:00\" \/>\n<meta name=\"twitter:card\" content=\"summary_large_image\" \/>\n<meta name=\"twitter:label1\" content=\"Gesch\u00e4tzte Lesezeit\" \/>\n\t<meta name=\"twitter:data1\" content=\"2\u00a0Minuten\" \/>\n<script type=\"application\/ld+json\" class=\"yoast-schema-graph\">{\"@context\":\"https:\\\/\\\/schema.org\",\"@graph\":[{\"@type\":\"WebPage\",\"@id\":\"https:\\\/\\\/sailrivercafe.com\\\/de\\\/home\\\/\",\"url\":\"https:\\\/\\\/sailrivercafe.com\\\/de\\\/home\\\/\",\"name\":\"Karin und Holger Binz mit dem Katamaran Rivercafe auf Weltreise\",\"isPartOf\":{\"@id\":\"https:\\\/\\\/sailrivercafe.com\\\/de\\\/#website\"},\"datePublished\":\"2016-09-19T13:56:52+00:00\",\"dateModified\":\"2022-02-12T22:43:25+00:00\",\"description\":\"Karin und Holger Binz auf dem Segel Katamaran Rivercafe auf Weltreise. Vorbereitungen, Erfahrungen und Reiseberichte einer Reise um die Welt.\",\"breadcrumb\":{\"@id\":\"https:\\\/\\\/sailrivercafe.com\\\/de\\\/home\\\/#breadcrumb\"},\"inLanguage\":\"de-DE\",\"potentialAction\":[{\"@type\":\"ReadAction\",\"target\":[\"https:\\\/\\\/sailrivercafe.com\\\/de\\\/home\\\/\"]}]},{\"@type\":\"BreadcrumbList\",\"@id\":\"https:\\\/\\\/sailrivercafe.com\\\/de\\\/home\\\/#breadcrumb\",\"itemListElement\":[{\"@type\":\"ListItem\",\"position\":1,\"name\":\"Home\",\"item\":\"https:\\\/\\\/sailrivercafe.com\\\/de\\\/\"},{\"@type\":\"ListItem\",\"position\":2,\"name\":\"HOME\"}]},{\"@type\":\"WebSite\",\"@id\":\"https:\\\/\\\/sailrivercafe.com\\\/de\\\/#website\",\"url\":\"https:\\\/\\\/sailrivercafe.com\\\/de\\\/\",\"name\":\"sailrivercafe.com\",\"description\":\"Sailing blog - Karin and Holger Binz sailing the Rivercafe\",\"publisher\":{\"@id\":\"https:\\\/\\\/sailrivercafe.com\\\/de\\\/#\\\/schema\\\/person\\\/2a6d915689c5e5de6db1ea302fb3d852\"},\"potentialAction\":[{\"@type\":\"SearchAction\",\"target\":{\"@type\":\"EntryPoint\",\"urlTemplate\":\"https:\\\/\\\/sailrivercafe.com\\\/de\\\/?s={search_term_string}\"},\"query-input\":{\"@type\":\"PropertyValueSpecification\",\"valueRequired\":true,\"valueName\":\"search_term_string\"}}],\"inLanguage\":\"de-DE\"},{\"@type\":[\"Person\",\"Organization\"],\"@id\":\"https:\\\/\\\/sailrivercafe.com\\\/de\\\/#\\\/schema\\\/person\\\/2a6d915689c5e5de6db1ea302fb3d852\",\"name\":\"Sailrivercafe\",\"image\":{\"@type\":\"ImageObject\",\"inLanguage\":\"de-DE\",\"@id\":\"https:\\\/\\\/sailrivercafe.com\\\/wp-content\\\/uploads\\\/2021\\\/01\\\/Logo.png\",\"url\":\"https:\\\/\\\/sailrivercafe.com\\\/wp-content\\\/uploads\\\/2021\\\/01\\\/Logo.png\",\"contentUrl\":\"https:\\\/\\\/sailrivercafe.com\\\/wp-content\\\/uploads\\\/2021\\\/01\\\/Logo.png\",\"width\":673,\"height\":276,\"caption\":\"Sailrivercafe\"},\"logo\":{\"@id\":\"https:\\\/\\\/sailrivercafe.com\\\/wp-content\\\/uploads\\\/2021\\\/01\\\/Logo.png\"}}]}<\/script>\n<!-- \/ Yoast SEO plugin. -->","yoast_head_json":{"title":"Karin und Holger Binz mit dem Katamaran Rivercafe auf Weltreise","description":"Karin und Holger Binz auf dem Segel Katamaran Rivercafe auf Weltreise. Vorbereitungen, Erfahrungen und Reiseberichte einer Reise um die Welt.","robots":{"index":"index","follow":"follow","max-snippet":"max-snippet:-1","max-image-preview":"max-image-preview:large","max-video-preview":"max-video-preview:-1"},"canonical":"https:\/\/sailrivercafe.com\/de\/home\/","og_locale":"de_DE","og_type":"article","og_title":"Karin und Holger Binz mit dem Katamaran Rivercafe auf Weltreise","og_description":"Karin und Holger Binz auf dem Segel Katamaran Rivercafe auf Weltreise. Vorbereitungen, Erfahrungen und Reiseberichte einer Reise um die Welt.","og_url":"https:\/\/sailrivercafe.com\/de\/home\/","og_site_name":"sailrivercafe.com","article_modified_time":"2022-02-12T22:43:25+00:00","twitter_card":"summary_large_image","twitter_misc":{"Gesch\u00e4tzte Lesezeit":"2\u00a0Minuten"},"schema":{"@context":"https:\/\/schema.org","@graph":[{"@type":"WebPage","@id":"https:\/\/sailrivercafe.com\/de\/home\/","url":"https:\/\/sailrivercafe.com\/de\/home\/","name":"Karin und Holger Binz mit dem Katamaran Rivercafe auf Weltreise","isPartOf":{"@id":"https:\/\/sailrivercafe.com\/de\/#website"},"datePublished":"2016-09-19T13:56:52+00:00","dateModified":"2022-02-12T22:43:25+00:00","description":"Karin und Holger Binz auf dem Segel Katamaran Rivercafe auf Weltreise. Vorbereitungen, Erfahrungen und Reiseberichte einer Reise um die Welt.","breadcrumb":{"@id":"https:\/\/sailrivercafe.com\/de\/home\/#breadcrumb"},"inLanguage":"de-DE","potentialAction":[{"@type":"ReadAction","target":["https:\/\/sailrivercafe.com\/de\/home\/"]}]},{"@type":"BreadcrumbList","@id":"https:\/\/sailrivercafe.com\/de\/home\/#breadcrumb","itemListElement":[{"@type":"ListItem","position":1,"name":"Home","item":"https:\/\/sailrivercafe.com\/de\/"},{"@type":"ListItem","position":2,"name":"HOME"}]},{"@type":"WebSite","@id":"https:\/\/sailrivercafe.com\/de\/#website","url":"https:\/\/sailrivercafe.com\/de\/","name":"sailrivercafe.com","description":"Sailing blog - Karin and Holger Binz sailing the Rivercafe","publisher":{"@id":"https:\/\/sailrivercafe.com\/de\/#\/schema\/person\/2a6d915689c5e5de6db1ea302fb3d852"},"potentialAction":[{"@type":"SearchAction","target":{"@type":"EntryPoint","urlTemplate":"https:\/\/sailrivercafe.com\/de\/?s={search_term_string}"},"query-input":{"@type":"PropertyValueSpecification","valueRequired":true,"valueName":"search_term_string"}}],"inLanguage":"de-DE"},{"@type":["Person","Organization"],"@id":"https:\/\/sailrivercafe.com\/de\/#\/schema\/person\/2a6d915689c5e5de6db1ea302fb3d852","name":"Sailrivercafe","image":{"@type":"ImageObject","inLanguage":"de-DE","@id":"https:\/\/sailrivercafe.com\/wp-content\/uploads\/2021\/01\/Logo.png","url":"https:\/\/sailrivercafe.com\/wp-content\/uploads\/2021\/01\/Logo.png","contentUrl":"https:\/\/sailrivercafe.com\/wp-content\/uploads\/2021\/01\/Logo.png","width":673,"height":276,"caption":"Sailrivercafe"},"logo":{"@id":"https:\/\/sailrivercafe.com\/wp-content\/uploads\/2021\/01\/Logo.png"}}]}},"post_mailing_queue_ids":[],"_links":{"self":[{"href":"https:\/\/sailrivercafe.com\/de\/wp-json\/wp\/v2\/pages\/239","targetHints":{"allow":["GET"]}}],"collection":[{"href":"https:\/\/sailrivercafe.com\/de\/wp-json\/wp\/v2\/pages"}],"about":[{"href":"https:\/\/sailrivercafe.com\/de\/wp-json\/wp\/v2\/types\/page"}],"author":[{"embeddable":true,"href":"https:\/\/sailrivercafe.com\/de\/wp-json\/wp\/v2\/users\/2"}],"replies":[{"embeddable":true,"href":"https:\/\/sailrivercafe.com\/de\/wp-json\/wp\/v2\/comments?post=239"}],"version-history":[{"count":0,"href":"https:\/\/sailrivercafe.com\/de\/wp-json\/wp\/v2\/pages\/239\/revisions"}],"wp:attachment":[{"href":"https:\/\/sailrivercafe.com\/de\/wp-json\/wp\/v2\/media?parent=239"}],"curies":[{"name":"wp","href":"https:\/\/api.w.org\/{rel}","templated":true}]}}