{"id":375,"date":"2018-08-31T14:54:36","date_gmt":"2018-08-31T12:54:36","guid":{"rendered":"https:\/\/sailrivercafe.com\/?page_id=375"},"modified":"2021-07-14T20:55:06","modified_gmt":"2021-07-14T18:55:06","slug":"e-useful","status":"publish","type":"page","link":"https:\/\/sailrivercafe.com\/de\/e-useful\/","title":{"rendered":"Hilfreiches"},"content":{"rendered":"<h1>Hilfreiches und Dinge, die unsere <a href=\"https:\/\/sailrivercafe.com\/e-about-us\/\">Reise<\/a> leichter gemacht haben.<\/h1>\n<p>&nbsp;<\/p>\n<h4>eTriggs &#8211;\u00a0Anwendung gegen Seekrankheit<\/h4>\n<p>Seekrankheit ist v\u00f6llig unn\u00f6tig. Diese Anwendung funktioniert bioenergetisch ohne Chemie und Nebenwirkungen &#8211; sehr wirkungsvoll. Man bleibt klar und wird nicht m\u00fcde. Einfach zwei Tage vor dem auslaufen auf die Haut kleben und Seekrankheit bleibt eine Erinnerung an \u00fcble Zeiten. Sehr zu empfehlen. <a href=\"https:\/\/etriggs.com\/product\/seekrankheit\/\">www.etriggs.com<\/a><\/p>\n<h4><\/h4>\n<h4>Weltkonto &#8211; perfekte Finanzl\u00f6sung f\u00fcr Reisende<\/h4>\n<p>Wir nutzen seit Jahren das Weltkonto. M\u00fcsste eigentlich jeder Segler haben. Das ist ein <strong>kostenloses Konto<\/strong> mit einer besonderen <strong>(kostenlosen) VISA Karte<\/strong>, mit der wir \u00fcberall geb\u00fchrenfrei Bargeld abheben k\u00f6nnen, egal in welchem Land und in welcher W\u00e4hrung. F\u00fcr uns ist das ideal. Wenn wir zum n\u00e4chsten Ziel kommen, heben wir am ATM (Geldautomaten) soviel Bargeld ab, wie wir f\u00fcr den Tag brauchen. \u00a0<a href=\"https:\/\/weltkonto.com\">www.weltkonto.com<\/a><\/p>\n<p>&nbsp;<\/p>\n<h4><strong>Ocean Cruising Club <span style=\"color: #ffffff;\">Hilfreiches<\/span><\/strong><\/h4>\n<p>Der OCC ist eine Organisation, die man erfinden m\u00fcsste, wenn es sie nicht g\u00e4be. Ein perfektes Forum von\/f\u00fcr Blauwassersegler. Die Infos zu allen m\u00f6glichen Revieren stammen von Seglern und sind oft die aktuellsten Nachrichten, die eine Crew bekommen kann. Die lokalen Repr\u00e4sentanten rund um die Welt sind sicher auch ein Argument. F\u00fcr eine Vollmitgliedschaft muss man 1.000 nonstop gesegelte Meilen nachweisen und man braucht einen Paten, der den Mitgliedsantrag unterst\u00fctzt. Es kostet ein paar Euro im Jahr Beitrag und eine einmalige Aufnahmegeb\u00fchr, aber das liegt alles im Rahmen und ist es mehr als Wert. <a href=\"https:\/\/oceancruisingclub.org\">https:\/\/oceancruisingclub.org<\/a><\/p>\n<p>&nbsp;<\/p>\n<h4><strong>Royal Cruising Club Pilotage Foundation <span style=\"color: #ffffff;\">Hilfreiches<\/span><\/strong><\/h4>\n<p>Noch eine tolle Resource um einen Trip zu planen. Die britische RCCPF bietet wertvolle Revier- und T\u00f6rnbeschreibungen zum download und das kostenlos. Wer f\u00fcr seinen Trip detaillierte Informationen sucht, sollte da mal reinschauen. <a href=\"https:\/\/rccpf.org.uk\/Default\">https:\/\/rccpf.org.uk\/Default\u00a0<\/a><\/p>\n<p>&nbsp;<\/p>\n<h4><strong>Seadoc<\/strong><\/h4>\n<p>Hamburger \u00c4rzte, die genau das anbieten was wir Segler brauchen. Perfekte Seminare, wie &#8220;Medizin an Bord&#8221; erkl\u00e4ren, wie medizinische Notf\u00e4lle an Bord gel\u00f6st werden k\u00f6nnen. Ganz wichtig: unter Bordbedingungen. Dazu bieten die Seadocs auch Medical Kits zu v\u00f6llig normalen Preisen. <a href=\"http:\/\/seadoc.de\">www.seadoc.de<\/a><\/p>\n","protected":false},"excerpt":{"rendered":"<p>Hilfreiches und Dinge, die unsere Reise leichter gemacht haben. &nbsp; eTriggs &#8211;\u00a0Anwendung gegen Seekrankheit Seekrankheit ist v\u00f6llig unn\u00f6tig. Diese Anwendung funktioniert bioenergetisch ohne Chemie und Nebenwirkungen &#8211; sehr wirkungsvoll. Man bleibt klar und wird nicht m\u00fcde. Einfach zwei [&hellip;]<\/p>\n","protected":false},"author":3,"featured_media":2470,"parent":0,"menu_order":0,"comment_status":"closed","ping_status":"closed","template":"","meta":{"_exactmetrics_skip_tracking":false,"_exactmetrics_sitenote_active":false,"_exactmetrics_sitenote_note":"","_exactmetrics_sitenote_category":0,"site-sidebar-layout":"default","site-content-layout":"default","ast-site-content-layout":"default","site-content-style":"default","site-sidebar-style":"default","ast-global-header-display":"","ast-banner-title-visibility":"","ast-main-header-display":"","ast-hfb-above-header-display":"","ast-hfb-below-header-display":"","ast-hfb-mobile-header-display":"","site-post-title":"","ast-breadcrumbs-content":"","ast-featured-img":"","footer-sml-layout":"","ast-disable-related-posts":"","theme-transparent-header-meta":"default","adv-header-id-meta":"","stick-header-meta":"default","header-above-stick-meta":"","header-main-stick-meta":"","header-below-stick-meta":"","astra-migrate-meta-layouts":"default","ast-page-background-enabled":"default","ast-page-background-meta":{"desktop":{"background-color":"","background-image":"","background-repeat":"repeat","background-position":"center center","background-size":"auto","background-attachment":"scroll","background-type":"","background-media":"","overlay-type":"","overlay-color":"","overlay-opacity":"","overlay-gradient":""},"tablet":{"background-color":"","background-image":"","background-repeat":"repeat","background-position":"center center","background-size":"auto","background-attachment":"scroll","background-type":"","background-media":"","overlay-type":"","overlay-color":"","overlay-opacity":"","overlay-gradient":""},"mobile":{"background-color":"","background-image":"","background-repeat":"repeat","background-position":"center center","background-size":"auto","background-attachment":"scroll","background-type":"","background-media":"","overlay-type":"","overlay-color":"","overlay-opacity":"","overlay-gradient":""}},"ast-content-background-meta":{"desktop":{"background-color":"var(--ast-global-color-5)","background-image":"","background-repeat":"repeat","background-position":"center center","background-size":"auto","background-attachment":"scroll","background-type":"","background-media":"","overlay-type":"","overlay-color":"","overlay-opacity":"","overlay-gradient":""},"tablet":{"background-color":"var(--ast-global-color-5)","background-image":"","background-repeat":"repeat","background-position":"center center","background-size":"auto","background-attachment":"scroll","background-type":"","background-media":"","overlay-type":"","overlay-color":"","overlay-opacity":"","overlay-gradient":""},"mobile":{"background-color":"var(--ast-global-color-5)","background-image":"","background-repeat":"repeat","background-position":"center center","background-size":"auto","background-attachment":"scroll","background-type":"","background-media":"","overlay-type":"","overlay-color":"","overlay-opacity":"","overlay-gradient":""}},"footnotes":""},"class_list":["post-375","page","type-page","status-publish","has-post-thumbnail","hentry"],"yoast_head":"<!-- This site is optimized with the Yoast SEO plugin v27.4 - https:\/\/yoast.com\/product\/yoast-seo-wordpress\/ -->\n<title>Hilfreiches, Tipps und Empfehlungen von erfahrenen Blauwasser Seglern<\/title>\n<meta name=\"description\" content=\"Hilfreiches, Tipps damit der Segelt\u00f6rn leichter und einfacher wird. Gute Kontakte und Kleinigkeiten heifen, eine Reise einfacher zu machen.\" \/>\n<meta name=\"robots\" content=\"index, follow, max-snippet:-1, max-image-preview:large, max-video-preview:-1\" \/>\n<link rel=\"canonical\" href=\"https:\/\/sailrivercafe.com\/de\/e-useful\/\" \/>\n<meta property=\"og:locale\" content=\"de_DE\" \/>\n<meta property=\"og:locale:alternate\" content=\"en_GB\" \/>\n<meta property=\"og:type\" content=\"article\" \/>\n<meta property=\"og:title\" content=\"Hilfreiches, Tipps und Empfehlungen von erfahrenen Blauwasser Seglern\" \/>\n<meta property=\"og:description\" content=\"Hilfreiches, Tipps damit der Segelt\u00f6rn leichter und einfacher wird. Gute Kontakte und Kleinigkeiten heifen, eine Reise einfacher zu machen.\" \/>\n<meta property=\"og:url\" content=\"https:\/\/sailrivercafe.com\/de\/e-useful\/\" \/>\n<meta property=\"og:site_name\" content=\"sailrivercafe.com\" \/>\n<meta property=\"article:modified_time\" content=\"2021-07-14T18:55:06+00:00\" \/>\n<meta property=\"og:image\" content=\"https:\/\/sailrivercafe.com\/wp-content\/uploads\/2021\/01\/cropped-cropped-Logo.png\" \/>\n\t<meta property=\"og:image:width\" content=\"673\" \/>\n\t<meta property=\"og:image:height\" content=\"276\" \/>\n\t<meta property=\"og:image:type\" content=\"image\/png\" \/>\n<meta name=\"twitter:card\" content=\"summary_large_image\" \/>\n<meta name=\"twitter:label1\" content=\"Gesch\u00e4tzte Lesezeit\" \/>\n\t<meta name=\"twitter:data1\" content=\"3\u00a0Minuten\" \/>\n<script type=\"application\/ld+json\" class=\"yoast-schema-graph\">{\"@context\":\"https:\\\/\\\/schema.org\",\"@graph\":[{\"@type\":\"WebPage\",\"@id\":\"https:\\\/\\\/sailrivercafe.com\\\/de\\\/e-useful\\\/\",\"url\":\"https:\\\/\\\/sailrivercafe.com\\\/de\\\/e-useful\\\/\",\"name\":\"Hilfreiches, Tipps und Empfehlungen von erfahrenen Blauwasser Seglern\",\"isPartOf\":{\"@id\":\"https:\\\/\\\/sailrivercafe.com\\\/de\\\/#website\"},\"primaryImageOfPage\":{\"@id\":\"https:\\\/\\\/sailrivercafe.com\\\/de\\\/e-useful\\\/#primaryimage\"},\"image\":{\"@id\":\"https:\\\/\\\/sailrivercafe.com\\\/de\\\/e-useful\\\/#primaryimage\"},\"thumbnailUrl\":\"https:\\\/\\\/sailrivercafe.com\\\/wp-content\\\/uploads\\\/2021\\\/01\\\/cropped-cropped-Logo.png\",\"datePublished\":\"2018-08-31T12:54:36+00:00\",\"dateModified\":\"2021-07-14T18:55:06+00:00\",\"description\":\"Hilfreiches, Tipps damit der Segelt\u00f6rn leichter und einfacher wird. Gute Kontakte und Kleinigkeiten heifen, eine Reise einfacher zu machen.\",\"breadcrumb\":{\"@id\":\"https:\\\/\\\/sailrivercafe.com\\\/de\\\/e-useful\\\/#breadcrumb\"},\"inLanguage\":\"de-DE\",\"potentialAction\":[{\"@type\":\"ReadAction\",\"target\":[\"https:\\\/\\\/sailrivercafe.com\\\/de\\\/e-useful\\\/\"]}]},{\"@type\":\"ImageObject\",\"inLanguage\":\"de-DE\",\"@id\":\"https:\\\/\\\/sailrivercafe.com\\\/de\\\/e-useful\\\/#primaryimage\",\"url\":\"https:\\\/\\\/sailrivercafe.com\\\/wp-content\\\/uploads\\\/2021\\\/01\\\/cropped-cropped-Logo.png\",\"contentUrl\":\"https:\\\/\\\/sailrivercafe.com\\\/wp-content\\\/uploads\\\/2021\\\/01\\\/cropped-cropped-Logo.png\",\"width\":673,\"height\":276,\"caption\":\"segelblog rivercafe\"},{\"@type\":\"BreadcrumbList\",\"@id\":\"https:\\\/\\\/sailrivercafe.com\\\/de\\\/e-useful\\\/#breadcrumb\",\"itemListElement\":[{\"@type\":\"ListItem\",\"position\":1,\"name\":\"Home\",\"item\":\"https:\\\/\\\/sailrivercafe.com\\\/de\\\/\"},{\"@type\":\"ListItem\",\"position\":2,\"name\":\"Hilfreiches\"}]},{\"@type\":\"WebSite\",\"@id\":\"https:\\\/\\\/sailrivercafe.com\\\/de\\\/#website\",\"url\":\"https:\\\/\\\/sailrivercafe.com\\\/de\\\/\",\"name\":\"sailrivercafe.com\",\"description\":\"Sailing blog - Karin and Holger Binz sailing the Rivercafe\",\"publisher\":{\"@id\":\"https:\\\/\\\/sailrivercafe.com\\\/de\\\/#\\\/schema\\\/person\\\/2a6d915689c5e5de6db1ea302fb3d852\"},\"potentialAction\":[{\"@type\":\"SearchAction\",\"target\":{\"@type\":\"EntryPoint\",\"urlTemplate\":\"https:\\\/\\\/sailrivercafe.com\\\/de\\\/?s={search_term_string}\"},\"query-input\":{\"@type\":\"PropertyValueSpecification\",\"valueRequired\":true,\"valueName\":\"search_term_string\"}}],\"inLanguage\":\"de-DE\"},{\"@type\":[\"Person\",\"Organization\"],\"@id\":\"https:\\\/\\\/sailrivercafe.com\\\/de\\\/#\\\/schema\\\/person\\\/2a6d915689c5e5de6db1ea302fb3d852\",\"name\":\"Sailrivercafe\",\"image\":{\"@type\":\"ImageObject\",\"inLanguage\":\"de-DE\",\"@id\":\"https:\\\/\\\/sailrivercafe.com\\\/wp-content\\\/uploads\\\/2021\\\/01\\\/Logo.png\",\"url\":\"https:\\\/\\\/sailrivercafe.com\\\/wp-content\\\/uploads\\\/2021\\\/01\\\/Logo.png\",\"contentUrl\":\"https:\\\/\\\/sailrivercafe.com\\\/wp-content\\\/uploads\\\/2021\\\/01\\\/Logo.png\",\"width\":673,\"height\":276,\"caption\":\"Sailrivercafe\"},\"logo\":{\"@id\":\"https:\\\/\\\/sailrivercafe.com\\\/wp-content\\\/uploads\\\/2021\\\/01\\\/Logo.png\"}}]}<\/script>\n<!-- \/ Yoast SEO plugin. -->","yoast_head_json":{"title":"Hilfreiches, Tipps und Empfehlungen von erfahrenen Blauwasser Seglern","description":"Hilfreiches, Tipps damit der Segelt\u00f6rn leichter und einfacher wird. Gute Kontakte und Kleinigkeiten heifen, eine Reise einfacher zu machen.","robots":{"index":"index","follow":"follow","max-snippet":"max-snippet:-1","max-image-preview":"max-image-preview:large","max-video-preview":"max-video-preview:-1"},"canonical":"https:\/\/sailrivercafe.com\/de\/e-useful\/","og_locale":"de_DE","og_type":"article","og_title":"Hilfreiches, Tipps und Empfehlungen von erfahrenen Blauwasser Seglern","og_description":"Hilfreiches, Tipps damit der Segelt\u00f6rn leichter und einfacher wird. Gute Kontakte und Kleinigkeiten heifen, eine Reise einfacher zu machen.","og_url":"https:\/\/sailrivercafe.com\/de\/e-useful\/","og_site_name":"sailrivercafe.com","article_modified_time":"2021-07-14T18:55:06+00:00","og_image":[{"width":673,"height":276,"url":"https:\/\/sailrivercafe.com\/wp-content\/uploads\/2021\/01\/cropped-cropped-Logo.png","type":"image\/png"}],"twitter_card":"summary_large_image","twitter_misc":{"Gesch\u00e4tzte Lesezeit":"3\u00a0Minuten"},"schema":{"@context":"https:\/\/schema.org","@graph":[{"@type":"WebPage","@id":"https:\/\/sailrivercafe.com\/de\/e-useful\/","url":"https:\/\/sailrivercafe.com\/de\/e-useful\/","name":"Hilfreiches, Tipps und Empfehlungen von erfahrenen Blauwasser Seglern","isPartOf":{"@id":"https:\/\/sailrivercafe.com\/de\/#website"},"primaryImageOfPage":{"@id":"https:\/\/sailrivercafe.com\/de\/e-useful\/#primaryimage"},"image":{"@id":"https:\/\/sailrivercafe.com\/de\/e-useful\/#primaryimage"},"thumbnailUrl":"https:\/\/sailrivercafe.com\/wp-content\/uploads\/2021\/01\/cropped-cropped-Logo.png","datePublished":"2018-08-31T12:54:36+00:00","dateModified":"2021-07-14T18:55:06+00:00","description":"Hilfreiches, Tipps damit der Segelt\u00f6rn leichter und einfacher wird. Gute Kontakte und Kleinigkeiten heifen, eine Reise einfacher zu machen.","breadcrumb":{"@id":"https:\/\/sailrivercafe.com\/de\/e-useful\/#breadcrumb"},"inLanguage":"de-DE","potentialAction":[{"@type":"ReadAction","target":["https:\/\/sailrivercafe.com\/de\/e-useful\/"]}]},{"@type":"ImageObject","inLanguage":"de-DE","@id":"https:\/\/sailrivercafe.com\/de\/e-useful\/#primaryimage","url":"https:\/\/sailrivercafe.com\/wp-content\/uploads\/2021\/01\/cropped-cropped-Logo.png","contentUrl":"https:\/\/sailrivercafe.com\/wp-content\/uploads\/2021\/01\/cropped-cropped-Logo.png","width":673,"height":276,"caption":"segelblog rivercafe"},{"@type":"BreadcrumbList","@id":"https:\/\/sailrivercafe.com\/de\/e-useful\/#breadcrumb","itemListElement":[{"@type":"ListItem","position":1,"name":"Home","item":"https:\/\/sailrivercafe.com\/de\/"},{"@type":"ListItem","position":2,"name":"Hilfreiches"}]},{"@type":"WebSite","@id":"https:\/\/sailrivercafe.com\/de\/#website","url":"https:\/\/sailrivercafe.com\/de\/","name":"sailrivercafe.com","description":"Sailing blog - Karin and Holger Binz sailing the Rivercafe","publisher":{"@id":"https:\/\/sailrivercafe.com\/de\/#\/schema\/person\/2a6d915689c5e5de6db1ea302fb3d852"},"potentialAction":[{"@type":"SearchAction","target":{"@type":"EntryPoint","urlTemplate":"https:\/\/sailrivercafe.com\/de\/?s={search_term_string}"},"query-input":{"@type":"PropertyValueSpecification","valueRequired":true,"valueName":"search_term_string"}}],"inLanguage":"de-DE"},{"@type":["Person","Organization"],"@id":"https:\/\/sailrivercafe.com\/de\/#\/schema\/person\/2a6d915689c5e5de6db1ea302fb3d852","name":"Sailrivercafe","image":{"@type":"ImageObject","inLanguage":"de-DE","@id":"https:\/\/sailrivercafe.com\/wp-content\/uploads\/2021\/01\/Logo.png","url":"https:\/\/sailrivercafe.com\/wp-content\/uploads\/2021\/01\/Logo.png","contentUrl":"https:\/\/sailrivercafe.com\/wp-content\/uploads\/2021\/01\/Logo.png","width":673,"height":276,"caption":"Sailrivercafe"},"logo":{"@id":"https:\/\/sailrivercafe.com\/wp-content\/uploads\/2021\/01\/Logo.png"}}]}},"post_mailing_queue_ids":[],"_links":{"self":[{"href":"https:\/\/sailrivercafe.com\/de\/wp-json\/wp\/v2\/pages\/375","targetHints":{"allow":["GET"]}}],"collection":[{"href":"https:\/\/sailrivercafe.com\/de\/wp-json\/wp\/v2\/pages"}],"about":[{"href":"https:\/\/sailrivercafe.com\/de\/wp-json\/wp\/v2\/types\/page"}],"author":[{"embeddable":true,"href":"https:\/\/sailrivercafe.com\/de\/wp-json\/wp\/v2\/users\/3"}],"replies":[{"embeddable":true,"href":"https:\/\/sailrivercafe.com\/de\/wp-json\/wp\/v2\/comments?post=375"}],"version-history":[{"count":0,"href":"https:\/\/sailrivercafe.com\/de\/wp-json\/wp\/v2\/pages\/375\/revisions"}],"wp:featuredmedia":[{"embeddable":true,"href":"https:\/\/sailrivercafe.com\/de\/wp-json\/wp\/v2\/media\/2470"}],"wp:attachment":[{"href":"https:\/\/sailrivercafe.com\/de\/wp-json\/wp\/v2\/media?parent=375"}],"curies":[{"name":"wp","href":"https:\/\/api.w.org\/{rel}","templated":true}]}}