{"id":3754,"date":"2022-05-16T16:38:43","date_gmt":"2022-05-16T14:38:43","guid":{"rendered":"https:\/\/sailrivercafe.com\/?page_id=3754"},"modified":"2022-05-16T17:03:20","modified_gmt":"2022-05-16T15:03:20","slug":"orte","status":"publish","type":"page","link":"https:\/\/sailrivercafe.com\/de\/orte\/","title":{"rendered":"ORTE"},"content":{"rendered":"<div class=\"wpb-content-wrapper\">[vc_row][vc_column width=&#8221;1\/3&#8243;][vc_column_text css=&#8221;.vc_custom_1652713043510{padding-top: 100px !important;padding-bottom: 100px !important;background-image: url(https:\/\/sailrivercafe.com\/wp-content\/uploads\/2022\/05\/Turtle.jpg?id=3839) !important;}&#8221;]\n<h2 style=\"text-align: center;\"><span style=\"color: #ffffff;\"><strong>KARIBIK<\/strong><\/span><\/h2>\n[\/vc_column_text][\/vc_column][vc_column width=&#8221;1\/3&#8243;][vc_column_text css=&#8221;.vc_custom_1652713116473{padding-top: 100px !important;padding-bottom: 100px !important;background-image: url(https:\/\/sailrivercafe.com\/wp-content\/uploads\/2022\/05\/Turtlehathunger.jpg?id=3840) !important;}&#8221;]\n<h2 style=\"text-align: center;\"><span style=\"color: #ffffff;\"><strong>KAP VERDEN<\/strong><\/span><\/h2>\n[\/vc_column_text][\/vc_column][vc_column width=&#8221;1\/3&#8243;][vc_column_text css=&#8221;.vc_custom_1652713190687{padding-top: 100px !important;padding-bottom: 100px !important;background-image: url(https:\/\/sailrivercafe.com\/wp-content\/uploads\/2022\/05\/Kanaren.jpg?id=3841) !important;}&#8221;]\n<h2 style=\"text-align: center;\"><span style=\"color: #ffffff;\"><strong>KANAREN<\/strong><\/span><\/h2>\n[\/vc_column_text][\/vc_column][\/vc_row][vc_row][vc_column][vc_column_text]Um einen \u00dcberblick \u00fcber die verschiedenen Orte und deren Gegebenheiten zu erhalten, haben wir die Pl\u00e4tze, an denen wir bisher waren grob unterteilt. Ihr findet hier Infos \u00fcber Ankerpl\u00e4tze und Sehenswertes, \u00fcber die Unterwasserwelt und Wissenswertes \u00fcber die jeweiligen Orte.[\/vc_column_text][\/vc_column][\/vc_row]\n<\/div>","protected":false},"excerpt":{"rendered":"<p>[vc_row][vc_column width=&#8221;1\/3&#8243;][vc_column_text css=&#8221;.vc_custom_1652713043510{padding-top: 100px !important;padding-bottom: 100px !important;background-image: url(https:\/\/sailrivercafe.com\/wp-content\/uploads\/2022\/05\/Turtle.jpg?id=3839) !important;}&#8221;] KARIBIK [\/vc_column_text][\/vc_column][vc_column width=&#8221;1\/3&#8243;][vc_column_text css=&#8221;.vc_custom_1652713116473{padding-top: 100px !important;padding-bottom: 100px !important;background-image: url(https:\/\/sailrivercafe.com\/wp-content\/uploads\/2022\/05\/Turtlehathunger.jpg?id=3840) !important;}&#8221;] KAP VERDEN [\/vc_column_text][\/vc_column][vc_column width=&#8221;1\/3&#8243;][vc_column_text css=&#8221;.vc_custom_1652713190687{padding-top: 100px !important;padding-bottom: 100px !important;background-image: url(https:\/\/sailrivercafe.com\/wp-content\/uploads\/2022\/05\/Kanaren.jpg?id=3841) !important;}&#8221;] KANAREN [\/vc_column_text][\/vc_column][\/vc_row][vc_row][vc_column][vc_column_text]Um einen \u00dcberblick \u00fcber die verschiedenen Orte [&hellip;]<\/p>\n","protected":false},"author":2,"featured_media":0,"parent":0,"menu_order":0,"comment_status":"closed","ping_status":"closed","template":"","meta":{"_exactmetrics_skip_tracking":false,"_exactmetrics_sitenote_active":false,"_exactmetrics_sitenote_note":"","_exactmetrics_sitenote_category":0,"site-sidebar-layout":"no-sidebar","site-content-layout":"plain-container","ast-site-content-layout":"default","site-content-style":"default","site-sidebar-style":"default","ast-global-header-display":"","ast-banner-title-visibility":"","ast-main-header-display":"","ast-hfb-above-header-display":"","ast-hfb-below-header-display":"","ast-hfb-mobile-header-display":"","site-post-title":"disabled","ast-breadcrumbs-content":"","ast-featured-img":"disabled","footer-sml-layout":"","theme-transparent-header-meta":"default","adv-header-id-meta":"","stick-header-meta":"default","header-above-stick-meta":"","header-main-stick-meta":"","header-below-stick-meta":"","astra-migrate-meta-layouts":"default","ast-page-background-enabled":"default","ast-page-background-meta":{"desktop":{"background-color":"","background-image":"","background-repeat":"repeat","background-position":"center center","background-size":"auto","background-attachment":"scroll","background-type":"","background-media":"","overlay-type":"","overlay-color":"","overlay-opacity":"","overlay-gradient":""},"tablet":{"background-color":"","background-image":"","background-repeat":"repeat","background-position":"center center","background-size":"auto","background-attachment":"scroll","background-type":"","background-media":"","overlay-type":"","overlay-color":"","overlay-opacity":"","overlay-gradient":""},"mobile":{"background-color":"","background-image":"","background-repeat":"repeat","background-position":"center center","background-size":"auto","background-attachment":"scroll","background-type":"","background-media":"","overlay-type":"","overlay-color":"","overlay-opacity":"","overlay-gradient":""}},"ast-content-background-meta":{"desktop":{"background-color":"var(--ast-global-color-5)","background-image":"","background-repeat":"repeat","background-position":"center center","background-size":"auto","background-attachment":"scroll","background-type":"","background-media":"","overlay-type":"","overlay-color":"","overlay-opacity":"","overlay-gradient":""},"tablet":{"background-color":"var(--ast-global-color-5)","background-image":"","background-repeat":"repeat","background-position":"center center","background-size":"auto","background-attachment":"scroll","background-type":"","background-media":"","overlay-type":"","overlay-color":"","overlay-opacity":"","overlay-gradient":""},"mobile":{"background-color":"var(--ast-global-color-5)","background-image":"","background-repeat":"repeat","background-position":"center center","background-size":"auto","background-attachment":"scroll","background-type":"","background-media":"","overlay-type":"","overlay-color":"","overlay-opacity":"","overlay-gradient":""}},"footnotes":""},"class_list":["post-3754","page","type-page","status-publish","hentry"],"yoast_head":"<!-- This site is optimized with the Yoast SEO plugin v27.3 - https:\/\/yoast.com\/product\/yoast-seo-wordpress\/ -->\n<title>Die Rivercafe auf Weltumsegelung mit Karin und Holger Binz<\/title>\n<meta name=\"description\" content=\"Karin und Holger Binz segeln den Leopard Katamaran Rivercafe um die Welt. Berichte, Erfahrungen und Abenteuer einer open End Reise \u00fcber die Weltmeere.\" \/>\n<meta name=\"robots\" content=\"index, follow, max-snippet:-1, max-image-preview:large, max-video-preview:-1\" \/>\n<link rel=\"canonical\" href=\"https:\/\/sailrivercafe.com\/de\/orte\/\" \/>\n<meta property=\"og:locale\" content=\"de_DE\" \/>\n<meta property=\"og:locale:alternate\" content=\"en_GB\" \/>\n<meta property=\"og:type\" content=\"article\" \/>\n<meta property=\"og:title\" content=\"Die Rivercafe auf Weltumsegelung mit Karin und Holger Binz\" \/>\n<meta property=\"og:description\" content=\"Karin und Holger Binz segeln den Leopard Katamaran Rivercafe um die Welt. Berichte, Erfahrungen und Abenteuer einer open End Reise \u00fcber die Weltmeere.\" \/>\n<meta property=\"og:url\" content=\"https:\/\/sailrivercafe.com\/de\/orte\/\" \/>\n<meta property=\"og:site_name\" content=\"sailrivercafe.com\" \/>\n<meta property=\"article:modified_time\" content=\"2022-05-16T15:03:20+00:00\" \/>\n<meta name=\"twitter:card\" content=\"summary_large_image\" \/>\n<meta name=\"twitter:label1\" content=\"Gesch\u00e4tzte Lesezeit\" \/>\n\t<meta name=\"twitter:data1\" content=\"1\u00a0Minute\" \/>\n<script type=\"application\/ld+json\" class=\"yoast-schema-graph\">{\"@context\":\"https:\\\/\\\/schema.org\",\"@graph\":[{\"@type\":\"WebPage\",\"@id\":\"https:\\\/\\\/sailrivercafe.com\\\/de\\\/orte\\\/\",\"url\":\"https:\\\/\\\/sailrivercafe.com\\\/de\\\/orte\\\/\",\"name\":\"Die Rivercafe auf Weltumsegelung mit Karin und Holger Binz\",\"isPartOf\":{\"@id\":\"https:\\\/\\\/sailrivercafe.com\\\/de\\\/#website\"},\"datePublished\":\"2022-05-16T14:38:43+00:00\",\"dateModified\":\"2022-05-16T15:03:20+00:00\",\"description\":\"Karin und Holger Binz segeln den Leopard Katamaran Rivercafe um die Welt. Berichte, Erfahrungen und Abenteuer einer open End Reise \u00fcber die Weltmeere.\",\"breadcrumb\":{\"@id\":\"https:\\\/\\\/sailrivercafe.com\\\/de\\\/orte\\\/#breadcrumb\"},\"inLanguage\":\"de-DE\",\"potentialAction\":[{\"@type\":\"ReadAction\",\"target\":[\"https:\\\/\\\/sailrivercafe.com\\\/de\\\/orte\\\/\"]}]},{\"@type\":\"BreadcrumbList\",\"@id\":\"https:\\\/\\\/sailrivercafe.com\\\/de\\\/orte\\\/#breadcrumb\",\"itemListElement\":[{\"@type\":\"ListItem\",\"position\":1,\"name\":\"Home\",\"item\":\"https:\\\/\\\/sailrivercafe.com\\\/de\\\/\"},{\"@type\":\"ListItem\",\"position\":2,\"name\":\"ORTE\"}]},{\"@type\":\"WebSite\",\"@id\":\"https:\\\/\\\/sailrivercafe.com\\\/de\\\/#website\",\"url\":\"https:\\\/\\\/sailrivercafe.com\\\/de\\\/\",\"name\":\"sailrivercafe.com\",\"description\":\"Sailing blog - Karin and Holger Binz sailing the Rivercafe\",\"publisher\":{\"@id\":\"https:\\\/\\\/sailrivercafe.com\\\/de\\\/#\\\/schema\\\/person\\\/2a6d915689c5e5de6db1ea302fb3d852\"},\"potentialAction\":[{\"@type\":\"SearchAction\",\"target\":{\"@type\":\"EntryPoint\",\"urlTemplate\":\"https:\\\/\\\/sailrivercafe.com\\\/de\\\/?s={search_term_string}\"},\"query-input\":{\"@type\":\"PropertyValueSpecification\",\"valueRequired\":true,\"valueName\":\"search_term_string\"}}],\"inLanguage\":\"de-DE\"},{\"@type\":[\"Person\",\"Organization\"],\"@id\":\"https:\\\/\\\/sailrivercafe.com\\\/de\\\/#\\\/schema\\\/person\\\/2a6d915689c5e5de6db1ea302fb3d852\",\"name\":\"Sailrivercafe\",\"image\":{\"@type\":\"ImageObject\",\"inLanguage\":\"de-DE\",\"@id\":\"https:\\\/\\\/sailrivercafe.com\\\/wp-content\\\/uploads\\\/2021\\\/01\\\/Logo.png\",\"url\":\"https:\\\/\\\/sailrivercafe.com\\\/wp-content\\\/uploads\\\/2021\\\/01\\\/Logo.png\",\"contentUrl\":\"https:\\\/\\\/sailrivercafe.com\\\/wp-content\\\/uploads\\\/2021\\\/01\\\/Logo.png\",\"width\":673,\"height\":276,\"caption\":\"Sailrivercafe\"},\"logo\":{\"@id\":\"https:\\\/\\\/sailrivercafe.com\\\/wp-content\\\/uploads\\\/2021\\\/01\\\/Logo.png\"}}]}<\/script>\n<!-- \/ Yoast SEO plugin. -->","yoast_head_json":{"title":"Die Rivercafe auf Weltumsegelung mit Karin und Holger Binz","description":"Karin und Holger Binz segeln den Leopard Katamaran Rivercafe um die Welt. Berichte, Erfahrungen und Abenteuer einer open End Reise \u00fcber die Weltmeere.","robots":{"index":"index","follow":"follow","max-snippet":"max-snippet:-1","max-image-preview":"max-image-preview:large","max-video-preview":"max-video-preview:-1"},"canonical":"https:\/\/sailrivercafe.com\/de\/orte\/","og_locale":"de_DE","og_type":"article","og_title":"Die Rivercafe auf Weltumsegelung mit Karin und Holger Binz","og_description":"Karin und Holger Binz segeln den Leopard Katamaran Rivercafe um die Welt. Berichte, Erfahrungen und Abenteuer einer open End Reise \u00fcber die Weltmeere.","og_url":"https:\/\/sailrivercafe.com\/de\/orte\/","og_site_name":"sailrivercafe.com","article_modified_time":"2022-05-16T15:03:20+00:00","twitter_card":"summary_large_image","twitter_misc":{"Gesch\u00e4tzte Lesezeit":"1\u00a0Minute"},"schema":{"@context":"https:\/\/schema.org","@graph":[{"@type":"WebPage","@id":"https:\/\/sailrivercafe.com\/de\/orte\/","url":"https:\/\/sailrivercafe.com\/de\/orte\/","name":"Die Rivercafe auf Weltumsegelung mit Karin und Holger Binz","isPartOf":{"@id":"https:\/\/sailrivercafe.com\/de\/#website"},"datePublished":"2022-05-16T14:38:43+00:00","dateModified":"2022-05-16T15:03:20+00:00","description":"Karin und Holger Binz segeln den Leopard Katamaran Rivercafe um die Welt. Berichte, Erfahrungen und Abenteuer einer open End Reise \u00fcber die Weltmeere.","breadcrumb":{"@id":"https:\/\/sailrivercafe.com\/de\/orte\/#breadcrumb"},"inLanguage":"de-DE","potentialAction":[{"@type":"ReadAction","target":["https:\/\/sailrivercafe.com\/de\/orte\/"]}]},{"@type":"BreadcrumbList","@id":"https:\/\/sailrivercafe.com\/de\/orte\/#breadcrumb","itemListElement":[{"@type":"ListItem","position":1,"name":"Home","item":"https:\/\/sailrivercafe.com\/de\/"},{"@type":"ListItem","position":2,"name":"ORTE"}]},{"@type":"WebSite","@id":"https:\/\/sailrivercafe.com\/de\/#website","url":"https:\/\/sailrivercafe.com\/de\/","name":"sailrivercafe.com","description":"Sailing blog - Karin and Holger Binz sailing the Rivercafe","publisher":{"@id":"https:\/\/sailrivercafe.com\/de\/#\/schema\/person\/2a6d915689c5e5de6db1ea302fb3d852"},"potentialAction":[{"@type":"SearchAction","target":{"@type":"EntryPoint","urlTemplate":"https:\/\/sailrivercafe.com\/de\/?s={search_term_string}"},"query-input":{"@type":"PropertyValueSpecification","valueRequired":true,"valueName":"search_term_string"}}],"inLanguage":"de-DE"},{"@type":["Person","Organization"],"@id":"https:\/\/sailrivercafe.com\/de\/#\/schema\/person\/2a6d915689c5e5de6db1ea302fb3d852","name":"Sailrivercafe","image":{"@type":"ImageObject","inLanguage":"de-DE","@id":"https:\/\/sailrivercafe.com\/wp-content\/uploads\/2021\/01\/Logo.png","url":"https:\/\/sailrivercafe.com\/wp-content\/uploads\/2021\/01\/Logo.png","contentUrl":"https:\/\/sailrivercafe.com\/wp-content\/uploads\/2021\/01\/Logo.png","width":673,"height":276,"caption":"Sailrivercafe"},"logo":{"@id":"https:\/\/sailrivercafe.com\/wp-content\/uploads\/2021\/01\/Logo.png"}}]}},"post_mailing_queue_ids":[],"_links":{"self":[{"href":"https:\/\/sailrivercafe.com\/de\/wp-json\/wp\/v2\/pages\/3754","targetHints":{"allow":["GET"]}}],"collection":[{"href":"https:\/\/sailrivercafe.com\/de\/wp-json\/wp\/v2\/pages"}],"about":[{"href":"https:\/\/sailrivercafe.com\/de\/wp-json\/wp\/v2\/types\/page"}],"author":[{"embeddable":true,"href":"https:\/\/sailrivercafe.com\/de\/wp-json\/wp\/v2\/users\/2"}],"replies":[{"embeddable":true,"href":"https:\/\/sailrivercafe.com\/de\/wp-json\/wp\/v2\/comments?post=3754"}],"version-history":[{"count":0,"href":"https:\/\/sailrivercafe.com\/de\/wp-json\/wp\/v2\/pages\/3754\/revisions"}],"wp:attachment":[{"href":"https:\/\/sailrivercafe.com\/de\/wp-json\/wp\/v2\/media?parent=3754"}],"curies":[{"name":"wp","href":"https:\/\/api.w.org\/{rel}","templated":true}]}}