{"id":378,"date":"2018-08-31T14:58:30","date_gmt":"2018-08-31T12:58:30","guid":{"rendered":"https:\/\/sailrivercafe.com\/?page_id=378"},"modified":"2021-10-24T20:53:27","modified_gmt":"2021-10-24T18:53:27","slug":"e-about-us","status":"publish","type":"page","link":"https:\/\/sailrivercafe.com\/de\/e-about-us\/","title":{"rendered":"\u00dcber uns"},"content":{"rendered":"<div class=\"wpb-content-wrapper\">[vc_row][vc_column width=&#8221;1\/3&#8243;][vc_single_image image=&#8221;2515&#8243; img_size=&#8221;full&#8221;][\/vc_column][vc_column width=&#8221;1\/3&#8243;][vc_single_image image=&#8221;231&#8243; img_size=&#8221;full&#8221;][\/vc_column][vc_column width=&#8221;1\/3&#8243;][vc_single_image image=&#8221;2011&#8243; img_size=&#8221;full&#8221;][\/vc_column][\/vc_row][vc_row][vc_column width=&#8221;1\/3&#8243;][vc_single_image image=&#8221;885&#8243; img_size=&#8221;full&#8221;][\/vc_column][\/vc_row][vc_row][vc_column][vc_column_text]\n<h1>Sailing blog\u00a0<a href=\"https:\/\/sailrivercafe.com\/leben-auf-einem-katamaran\/\">Sailrivercafe<\/a><\/h1>\n<h2><\/h2>\n<p>Wir reisen seit wir denken k\u00f6nnen und Anfang des Jahrtausends haben wir das Offshore Segeln f\u00fcr uns entdeckt. Von den 197 L\u00e4ndern der Vereinten Nationen haben wir mehr als 100 besucht. Es sollen noch mehr werden.<\/p>\n<p>2016 segelten wir zum ersten Mal zu zweit \u00fcber den Atlantik. Mit unserer Hanse505 waren wir ein Jahr unterwegs. Von unserem Heimathafen Valencia (E) in die Karibik. Es war ein irres Jahr, das h\u00e4rteste und beste unseres Lebens.<\/p>\n<p>Es hat uns ver\u00e4ndert und wir haben uns entschieden, dass wir wieder los wollten. Deshalb verkauften wir alles, stiegen vom Monohull auf einen Katamaran um und machten uns mit unserem neuen Schiff auf den Weg um die Welt. <span style=\"color: #ffffff;\">\u00dcber uns Karin <\/span><\/p>\n<p>2020 begann unser neues Abenteuer: mit unserem Leopard 45 Katamaran &#8220;Rivercafe&#8221; werden wir unsere (supersch\u00f6ne) Luxembourger Flagge um die Welt segeln. Open End. Segeln ist f\u00fcr uns das perfekte Reisen um m\u00f6glichst kleine Spuren zu hinterlassen und die Natur nicht zu belasten.<\/p>\n<p>Jetzt sind wir auf der Reise, entdecken, experimentieren und lernen. Wir genie\u00dfen das wunderbare Klima und das Leben in der Natur. Auch wenn das Reisen zur Zeit nicht einfach aber daf\u00fcr aufw\u00e4ndig ist, sind wir froh unterwegs zu sein.<\/p>\n<p>Also herzlich Willkommen auf unserer Website. Wir freuen uns, unsere Erlebnisse mit Euch zu teilen. Und nat\u00fcrlich freuen wir uns sehr \u00fcber Eure Nachrichten oder Kommentare.<\/p>\n<p>Karin und Holger Binz[\/vc_column_text][\/vc_column][\/vc_row][vc_row][vc_column][vc_column_text]\n<h2>\u00dcber uns: Karin und Holger in Kurzform<\/h2>\n<p>Wir sind beide keine Aussteiger. In einer Auswanderershow werden wir sicher nicht zu sehen sein. Vielmehr sind wir Einsteiger in eine andere Art zu leben, wir wollen etwas Neues ausprobieren.<\/p>\n<p>\u00dcber 28 Jahre lang haben wir im internationalen Marketing und Design Firmen in Deutschland und Luxembourg gef\u00fchrt. Ka hat dazu noch als K\u00fcnstlerin (Malerei) beachtliches geleistet (findet ihr unter <a href=\"https:\/\/www.behance.net\/?tracking_source=typeahead_search_direct&#038;search=Karin%20Binz\">Behance.net<\/a>). Wir sprechen Deutsch, Englisch, Franz\u00f6sisch und Luxembourgisch, wollen diesen Blog aber nur in Deutsch und Englisch schreiben.<\/p>\n<p>In dem Jahr auf dem Meer haben wir erlebt, dass wir noch kreativer waren und ohne den zivilisierten Alltag interessantere Gedanken hatten. Wir werden einen anderen Rhythmus ausprobieren und auf der Reise an unterschiedlichen Themen arbeiten. Die Werke werden einfach sonniger :-). Wir laden Euch herzlich ein, uns auf unserer Reise zu begleiten und freuen uns \u00fcber Eure <a href=\"\/e-contact\/\">Nachrichten<\/a>. <span style=\"color: #ffffff;\">\u00dcb<\/span><span style=\"color: #ffffff;\">er uns Karin und Holger Binz Rivercafe<\/span><\/p>\n<p>Karin: <a href=\"mailto:k@sailrivercafe.com\">k@sailrivercafe.com<\/a><\/p>\n<p>Holger: <a href=\"mailto:h@sailrivercafe.com\">h@sailrivercafe.com<\/a>[\/vc_column_text][\/vc_column][\/vc_row]\n<\/div>","protected":false},"excerpt":{"rendered":"<p>[vc_row][vc_column width=&#8221;1\/3&#8243;][vc_single_image image=&#8221;2515&#8243; img_size=&#8221;full&#8221;][\/vc_column][vc_column width=&#8221;1\/3&#8243;][vc_single_image image=&#8221;231&#8243; img_size=&#8221;full&#8221;][\/vc_column][vc_column width=&#8221;1\/3&#8243;][vc_single_image image=&#8221;2011&#8243; img_size=&#8221;full&#8221;][\/vc_column][\/vc_row][vc_row][vc_column width=&#8221;1\/3&#8243;][vc_single_image image=&#8221;885&#8243; img_size=&#8221;full&#8221;][\/vc_column][\/vc_row][vc_row][vc_column][vc_column_text] Sailing blog\u00a0Sailrivercafe Wir reisen seit wir denken k\u00f6nnen und Anfang des Jahrtausends haben wir das Offshore Segeln f\u00fcr uns entdeckt. Von den 197 L\u00e4ndern der [&hellip;]<\/p>\n","protected":false},"author":3,"featured_media":231,"parent":0,"menu_order":0,"comment_status":"closed","ping_status":"closed","template":"","meta":{"_exactmetrics_skip_tracking":false,"_exactmetrics_sitenote_active":false,"_exactmetrics_sitenote_note":"","_exactmetrics_sitenote_category":0,"site-sidebar-layout":"no-sidebar","site-content-layout":"plain-container","ast-site-content-layout":"default","site-content-style":"default","site-sidebar-style":"default","ast-global-header-display":"","ast-banner-title-visibility":"","ast-main-header-display":"","ast-hfb-above-header-display":"","ast-hfb-below-header-display":"","ast-hfb-mobile-header-display":"","site-post-title":"disabled","ast-breadcrumbs-content":"","ast-featured-img":"disabled","footer-sml-layout":"","ast-disable-related-posts":"","theme-transparent-header-meta":"default","adv-header-id-meta":"","stick-header-meta":"default","header-above-stick-meta":"","header-main-stick-meta":"","header-below-stick-meta":"","astra-migrate-meta-layouts":"default","ast-page-background-enabled":"default","ast-page-background-meta":{"desktop":{"background-color":"","background-image":"","background-repeat":"repeat","background-position":"center center","background-size":"auto","background-attachment":"scroll","background-type":"","background-media":"","overlay-type":"","overlay-color":"","overlay-opacity":"","overlay-gradient":""},"tablet":{"background-color":"","background-image":"","background-repeat":"repeat","background-position":"center center","background-size":"auto","background-attachment":"scroll","background-type":"","background-media":"","overlay-type":"","overlay-color":"","overlay-opacity":"","overlay-gradient":""},"mobile":{"background-color":"","background-image":"","background-repeat":"repeat","background-position":"center center","background-size":"auto","background-attachment":"scroll","background-type":"","background-media":"","overlay-type":"","overlay-color":"","overlay-opacity":"","overlay-gradient":""}},"ast-content-background-meta":{"desktop":{"background-color":"var(--ast-global-color-5)","background-image":"","background-repeat":"repeat","background-position":"center center","background-size":"auto","background-attachment":"scroll","background-type":"","background-media":"","overlay-type":"","overlay-color":"","overlay-opacity":"","overlay-gradient":""},"tablet":{"background-color":"var(--ast-global-color-5)","background-image":"","background-repeat":"repeat","background-position":"center center","background-size":"auto","background-attachment":"scroll","background-type":"","background-media":"","overlay-type":"","overlay-color":"","overlay-opacity":"","overlay-gradient":""},"mobile":{"background-color":"var(--ast-global-color-5)","background-image":"","background-repeat":"repeat","background-position":"center center","background-size":"auto","background-attachment":"scroll","background-type":"","background-media":"","overlay-type":"","overlay-color":"","overlay-opacity":"","overlay-gradient":""}},"footnotes":""},"class_list":["post-378","page","type-page","status-publish","has-post-thumbnail","hentry"],"yoast_head":"<!-- This site is optimized with the Yoast SEO plugin v27.3 - https:\/\/yoast.com\/product\/yoast-seo-wordpress\/ -->\n<title>\u00dcber uns. Karin und Holger Binz auf Weltreise mit dem Katamaran Rivercafe<\/title>\n<meta name=\"description\" content=\"\u00dcber uns. Karin und Holger Binz segeln mit dem Leopard Katamaran Rivercafe um die Welt. Abenteuer, Erfahrungen und Gedanken der Weltumsegler.\" \/>\n<meta name=\"robots\" content=\"index, follow, max-snippet:-1, max-image-preview:large, max-video-preview:-1\" \/>\n<link rel=\"canonical\" href=\"https:\/\/sailrivercafe.com\/de\/e-about-us\/\" \/>\n<meta property=\"og:locale\" content=\"de_DE\" \/>\n<meta property=\"og:locale:alternate\" content=\"en_GB\" \/>\n<meta property=\"og:type\" content=\"article\" \/>\n<meta property=\"og:title\" content=\"\u00dcber uns. Karin und Holger Binz auf Weltreise mit dem Katamaran Rivercafe\" \/>\n<meta property=\"og:description\" content=\"\u00dcber uns. Karin und Holger Binz segeln mit dem Leopard Katamaran Rivercafe um die Welt. Abenteuer, Erfahrungen und Gedanken der Weltumsegler.\" \/>\n<meta property=\"og:url\" content=\"https:\/\/sailrivercafe.com\/de\/e-about-us\/\" \/>\n<meta property=\"og:site_name\" content=\"sailrivercafe.com\" \/>\n<meta property=\"article:modified_time\" content=\"2021-10-24T18:53:27+00:00\" \/>\n<meta property=\"og:image\" content=\"https:\/\/sailrivercafe.com\/wp-content\/uploads\/2018\/08\/KuH-Kuss-an-Bord-e1595845358137.jpg\" \/>\n\t<meta property=\"og:image:width\" content=\"800\" \/>\n\t<meta property=\"og:image:height\" content=\"532\" \/>\n\t<meta property=\"og:image:type\" content=\"image\/jpeg\" \/>\n<meta name=\"twitter:card\" content=\"summary_large_image\" \/>\n<meta name=\"twitter:label1\" content=\"Gesch\u00e4tzte Lesezeit\" \/>\n\t<meta name=\"twitter:data1\" content=\"2\u00a0Minuten\" \/>\n<script type=\"application\/ld+json\" class=\"yoast-schema-graph\">{\"@context\":\"https:\\\/\\\/schema.org\",\"@graph\":[{\"@type\":\"WebPage\",\"@id\":\"https:\\\/\\\/sailrivercafe.com\\\/de\\\/e-about-us\\\/\",\"url\":\"https:\\\/\\\/sailrivercafe.com\\\/de\\\/e-about-us\\\/\",\"name\":\"\u00dcber uns. Karin und Holger Binz auf Weltreise mit dem Katamaran Rivercafe\",\"isPartOf\":{\"@id\":\"https:\\\/\\\/sailrivercafe.com\\\/de\\\/#website\"},\"primaryImageOfPage\":{\"@id\":\"https:\\\/\\\/sailrivercafe.com\\\/de\\\/e-about-us\\\/#primaryimage\"},\"image\":{\"@id\":\"https:\\\/\\\/sailrivercafe.com\\\/de\\\/e-about-us\\\/#primaryimage\"},\"thumbnailUrl\":\"https:\\\/\\\/sailrivercafe.com\\\/wp-content\\\/uploads\\\/2018\\\/08\\\/KuH-Kuss-an-Bord-e1595845358137.jpg\",\"datePublished\":\"2018-08-31T12:58:30+00:00\",\"dateModified\":\"2021-10-24T18:53:27+00:00\",\"description\":\"\u00dcber uns. Karin und Holger Binz segeln mit dem Leopard Katamaran Rivercafe um die Welt. Abenteuer, Erfahrungen und Gedanken der Weltumsegler.\",\"breadcrumb\":{\"@id\":\"https:\\\/\\\/sailrivercafe.com\\\/de\\\/e-about-us\\\/#breadcrumb\"},\"inLanguage\":\"de-DE\",\"potentialAction\":[{\"@type\":\"ReadAction\",\"target\":[\"https:\\\/\\\/sailrivercafe.com\\\/de\\\/e-about-us\\\/\"]}]},{\"@type\":\"ImageObject\",\"inLanguage\":\"de-DE\",\"@id\":\"https:\\\/\\\/sailrivercafe.com\\\/de\\\/e-about-us\\\/#primaryimage\",\"url\":\"https:\\\/\\\/sailrivercafe.com\\\/wp-content\\\/uploads\\\/2018\\\/08\\\/KuH-Kuss-an-Bord-e1595845358137.jpg\",\"contentUrl\":\"https:\\\/\\\/sailrivercafe.com\\\/wp-content\\\/uploads\\\/2018\\\/08\\\/KuH-Kuss-an-Bord-e1595845358137.jpg\",\"width\":800,\"height\":532,\"caption\":\"Ka und Holger Binz\"},{\"@type\":\"BreadcrumbList\",\"@id\":\"https:\\\/\\\/sailrivercafe.com\\\/de\\\/e-about-us\\\/#breadcrumb\",\"itemListElement\":[{\"@type\":\"ListItem\",\"position\":1,\"name\":\"Home\",\"item\":\"https:\\\/\\\/sailrivercafe.com\\\/de\\\/\"},{\"@type\":\"ListItem\",\"position\":2,\"name\":\"\u00dcber uns\"}]},{\"@type\":\"WebSite\",\"@id\":\"https:\\\/\\\/sailrivercafe.com\\\/de\\\/#website\",\"url\":\"https:\\\/\\\/sailrivercafe.com\\\/de\\\/\",\"name\":\"sailrivercafe.com\",\"description\":\"Sailing blog - Karin and Holger Binz sailing the Rivercafe\",\"publisher\":{\"@id\":\"https:\\\/\\\/sailrivercafe.com\\\/de\\\/#\\\/schema\\\/person\\\/2a6d915689c5e5de6db1ea302fb3d852\"},\"potentialAction\":[{\"@type\":\"SearchAction\",\"target\":{\"@type\":\"EntryPoint\",\"urlTemplate\":\"https:\\\/\\\/sailrivercafe.com\\\/de\\\/?s={search_term_string}\"},\"query-input\":{\"@type\":\"PropertyValueSpecification\",\"valueRequired\":true,\"valueName\":\"search_term_string\"}}],\"inLanguage\":\"de-DE\"},{\"@type\":[\"Person\",\"Organization\"],\"@id\":\"https:\\\/\\\/sailrivercafe.com\\\/de\\\/#\\\/schema\\\/person\\\/2a6d915689c5e5de6db1ea302fb3d852\",\"name\":\"Sailrivercafe\",\"image\":{\"@type\":\"ImageObject\",\"inLanguage\":\"de-DE\",\"@id\":\"https:\\\/\\\/sailrivercafe.com\\\/wp-content\\\/uploads\\\/2021\\\/01\\\/Logo.png\",\"url\":\"https:\\\/\\\/sailrivercafe.com\\\/wp-content\\\/uploads\\\/2021\\\/01\\\/Logo.png\",\"contentUrl\":\"https:\\\/\\\/sailrivercafe.com\\\/wp-content\\\/uploads\\\/2021\\\/01\\\/Logo.png\",\"width\":673,\"height\":276,\"caption\":\"Sailrivercafe\"},\"logo\":{\"@id\":\"https:\\\/\\\/sailrivercafe.com\\\/wp-content\\\/uploads\\\/2021\\\/01\\\/Logo.png\"}}]}<\/script>\n<!-- \/ Yoast SEO plugin. -->","yoast_head_json":{"title":"\u00dcber uns. Karin und Holger Binz auf Weltreise mit dem Katamaran Rivercafe","description":"\u00dcber uns. Karin und Holger Binz segeln mit dem Leopard Katamaran Rivercafe um die Welt. Abenteuer, Erfahrungen und Gedanken der Weltumsegler.","robots":{"index":"index","follow":"follow","max-snippet":"max-snippet:-1","max-image-preview":"max-image-preview:large","max-video-preview":"max-video-preview:-1"},"canonical":"https:\/\/sailrivercafe.com\/de\/e-about-us\/","og_locale":"de_DE","og_type":"article","og_title":"\u00dcber uns. Karin und Holger Binz auf Weltreise mit dem Katamaran Rivercafe","og_description":"\u00dcber uns. Karin und Holger Binz segeln mit dem Leopard Katamaran Rivercafe um die Welt. Abenteuer, Erfahrungen und Gedanken der Weltumsegler.","og_url":"https:\/\/sailrivercafe.com\/de\/e-about-us\/","og_site_name":"sailrivercafe.com","article_modified_time":"2021-10-24T18:53:27+00:00","og_image":[{"width":800,"height":532,"url":"https:\/\/sailrivercafe.com\/wp-content\/uploads\/2018\/08\/KuH-Kuss-an-Bord-e1595845358137.jpg","type":"image\/jpeg"}],"twitter_card":"summary_large_image","twitter_misc":{"Gesch\u00e4tzte Lesezeit":"2\u00a0Minuten"},"schema":{"@context":"https:\/\/schema.org","@graph":[{"@type":"WebPage","@id":"https:\/\/sailrivercafe.com\/de\/e-about-us\/","url":"https:\/\/sailrivercafe.com\/de\/e-about-us\/","name":"\u00dcber uns. Karin und Holger Binz auf Weltreise mit dem Katamaran Rivercafe","isPartOf":{"@id":"https:\/\/sailrivercafe.com\/de\/#website"},"primaryImageOfPage":{"@id":"https:\/\/sailrivercafe.com\/de\/e-about-us\/#primaryimage"},"image":{"@id":"https:\/\/sailrivercafe.com\/de\/e-about-us\/#primaryimage"},"thumbnailUrl":"https:\/\/sailrivercafe.com\/wp-content\/uploads\/2018\/08\/KuH-Kuss-an-Bord-e1595845358137.jpg","datePublished":"2018-08-31T12:58:30+00:00","dateModified":"2021-10-24T18:53:27+00:00","description":"\u00dcber uns. Karin und Holger Binz segeln mit dem Leopard Katamaran Rivercafe um die Welt. Abenteuer, Erfahrungen und Gedanken der Weltumsegler.","breadcrumb":{"@id":"https:\/\/sailrivercafe.com\/de\/e-about-us\/#breadcrumb"},"inLanguage":"de-DE","potentialAction":[{"@type":"ReadAction","target":["https:\/\/sailrivercafe.com\/de\/e-about-us\/"]}]},{"@type":"ImageObject","inLanguage":"de-DE","@id":"https:\/\/sailrivercafe.com\/de\/e-about-us\/#primaryimage","url":"https:\/\/sailrivercafe.com\/wp-content\/uploads\/2018\/08\/KuH-Kuss-an-Bord-e1595845358137.jpg","contentUrl":"https:\/\/sailrivercafe.com\/wp-content\/uploads\/2018\/08\/KuH-Kuss-an-Bord-e1595845358137.jpg","width":800,"height":532,"caption":"Ka und Holger Binz"},{"@type":"BreadcrumbList","@id":"https:\/\/sailrivercafe.com\/de\/e-about-us\/#breadcrumb","itemListElement":[{"@type":"ListItem","position":1,"name":"Home","item":"https:\/\/sailrivercafe.com\/de\/"},{"@type":"ListItem","position":2,"name":"\u00dcber uns"}]},{"@type":"WebSite","@id":"https:\/\/sailrivercafe.com\/de\/#website","url":"https:\/\/sailrivercafe.com\/de\/","name":"sailrivercafe.com","description":"Sailing blog - Karin and Holger Binz sailing the Rivercafe","publisher":{"@id":"https:\/\/sailrivercafe.com\/de\/#\/schema\/person\/2a6d915689c5e5de6db1ea302fb3d852"},"potentialAction":[{"@type":"SearchAction","target":{"@type":"EntryPoint","urlTemplate":"https:\/\/sailrivercafe.com\/de\/?s={search_term_string}"},"query-input":{"@type":"PropertyValueSpecification","valueRequired":true,"valueName":"search_term_string"}}],"inLanguage":"de-DE"},{"@type":["Person","Organization"],"@id":"https:\/\/sailrivercafe.com\/de\/#\/schema\/person\/2a6d915689c5e5de6db1ea302fb3d852","name":"Sailrivercafe","image":{"@type":"ImageObject","inLanguage":"de-DE","@id":"https:\/\/sailrivercafe.com\/wp-content\/uploads\/2021\/01\/Logo.png","url":"https:\/\/sailrivercafe.com\/wp-content\/uploads\/2021\/01\/Logo.png","contentUrl":"https:\/\/sailrivercafe.com\/wp-content\/uploads\/2021\/01\/Logo.png","width":673,"height":276,"caption":"Sailrivercafe"},"logo":{"@id":"https:\/\/sailrivercafe.com\/wp-content\/uploads\/2021\/01\/Logo.png"}}]}},"post_mailing_queue_ids":[],"_links":{"self":[{"href":"https:\/\/sailrivercafe.com\/de\/wp-json\/wp\/v2\/pages\/378","targetHints":{"allow":["GET"]}}],"collection":[{"href":"https:\/\/sailrivercafe.com\/de\/wp-json\/wp\/v2\/pages"}],"about":[{"href":"https:\/\/sailrivercafe.com\/de\/wp-json\/wp\/v2\/types\/page"}],"author":[{"embeddable":true,"href":"https:\/\/sailrivercafe.com\/de\/wp-json\/wp\/v2\/users\/3"}],"replies":[{"embeddable":true,"href":"https:\/\/sailrivercafe.com\/de\/wp-json\/wp\/v2\/comments?post=378"}],"version-history":[{"count":0,"href":"https:\/\/sailrivercafe.com\/de\/wp-json\/wp\/v2\/pages\/378\/revisions"}],"wp:featuredmedia":[{"embeddable":true,"href":"https:\/\/sailrivercafe.com\/de\/wp-json\/wp\/v2\/media\/231"}],"wp:attachment":[{"href":"https:\/\/sailrivercafe.com\/de\/wp-json\/wp\/v2\/media?parent=378"}],"curies":[{"name":"wp","href":"https:\/\/api.w.org\/{rel}","templated":true}]}}